{"id":468,"date":"2022-06-24T20:28:17","date_gmt":"2022-06-24T23:28:17","guid":{"rendered":"https:\/\/traductores.centzon.com.ar\/?page_id=468"},"modified":"2022-11-06T14:27:11","modified_gmt":"2022-11-06T17:27:11","slug":"registrate","status":"publish","type":"page","link":"https:\/\/www.traductorespba.org\/bahiablanca\/registrate\/","title":{"rendered":"Registrarme"},"content":{"rendered":"\n<div class=\"um um-register um-445\">\n\t<div class=\"um-form\" data-mode=\"register\">\n\t\t<form method=\"post\" action=\"\">\n\t\t\t<div class=\"um-row _um_row_1 \" style=\"margin: 0 0 30px 0;\"><div class=\"um-col-1\"><div  id=\"um_field_445_user_login\" class=\"um-field um-field-text  um-field-user_login um-field-text um-field-type_text\" data-key=\"user_login\"><div class=\"um-field-label\"><label for=\"user_login-445\">Usuario<span class=\"um-req\" title=\"Required\">*<\/span><\/label><div class=\"um-clear\"><\/div><\/div><div class=\"um-field-area\"><input  autocomplete=\"off\" class=\"um-form-field valid \" type=\"text\" name=\"user_login-445\" id=\"user_login-445\" value=\"\" placeholder=\"\" data-validate=\"unique_username\" data-key=\"user_login\"  aria-invalid=\"false\" \/>\n\n\t\t\t\t\t\t<\/div><\/div><div  id=\"um_field_445_first_name\" class=\"um-field um-field-text  um-field-first_name um-field-text um-field-type_text\" data-key=\"first_name\"><div class=\"um-field-label\"><label for=\"first_name-445\">Nombre<span class=\"um-req\" title=\"Required\">*<\/span><\/label><div class=\"um-clear\"><\/div><\/div><div class=\"um-field-area\"><input  autocomplete=\"off\" class=\"um-form-field valid \" type=\"text\" name=\"first_name-445\" id=\"first_name-445\" value=\"\" placeholder=\"\" data-validate=\"\" data-key=\"first_name\"  aria-invalid=\"false\" \/>\n\n\t\t\t\t\t\t<\/div><\/div><div  id=\"um_field_445_last_name\" class=\"um-field um-field-text  um-field-last_name um-field-text um-field-type_text\" data-key=\"last_name\"><div class=\"um-field-label\"><label for=\"last_name-445\">Apellido<span class=\"um-req\" title=\"Required\">*<\/span><\/label><div class=\"um-clear\"><\/div><\/div><div class=\"um-field-area\"><input  autocomplete=\"off\" class=\"um-form-field valid \" type=\"text\" name=\"last_name-445\" id=\"last_name-445\" value=\"\" placeholder=\"\" data-validate=\"\" data-key=\"last_name\"  aria-invalid=\"false\" \/>\n\n\t\t\t\t\t\t<\/div><\/div><div  id=\"um_field_445_user_email\" class=\"um-field um-field-text  um-field-user_email um-field-text um-field-type_text\" data-key=\"user_email\"><div class=\"um-field-label\"><label for=\"user_email-445\">E-mail<span class=\"um-req\" title=\"Required\">*<\/span><\/label><div class=\"um-clear\"><\/div><\/div><div class=\"um-field-area\"><input  autocomplete=\"off\" class=\"um-form-field valid \" type=\"text\" name=\"user_email-445\" id=\"user_email-445\" value=\"\" placeholder=\"\" data-validate=\"unique_email\" data-key=\"user_email\"  aria-invalid=\"false\" \/>\n\n\t\t\t\t\t\t<\/div><\/div><div  id=\"um_field_445_matricula\" class=\"um-field um-field-text  um-field-matricula um-field-text um-field-type_text\" data-key=\"matricula\"><div class=\"um-field-label\"><label for=\"matricula-445\">Matr\u00edcula o DNI<span class=\"um-req\" title=\"Required\">*<\/span><\/label><div class=\"um-clear\"><\/div><\/div><div class=\"um-field-area\"><input  autocomplete=\"off\" class=\"um-form-field valid \" type=\"text\" name=\"matricula-445\" id=\"matricula-445\" value=\"\" placeholder=\"\" data-validate=\"\" data-key=\"matricula\"  aria-invalid=\"false\" \/>\n\n\t\t\t\t\t\t<\/div><\/div><div  id=\"um_field_445_idiomas\" class=\"um-field um-field-checkbox  um-field-idiomas um-field-checkbox um-field-type_checkbox\" data-key=\"idiomas\"  aria-invalid=\"false\" ><div class=\"um-field-label\"><label for=\"idiomas-445\">Idiomas<span class=\"um-req\" title=\"Required\">*<\/span><\/label><div class=\"um-clear\"><\/div><\/div><div class=\"um-field-area\"><label class=\"um-field-checkbox  um-field-half  um-field-radio-state-disabled\"><input   type=\"checkbox\" name=\"idiomas[]\" value=\"Alem\u00e1n\"  \/><span class=\"um-field-checkbox-state\"><i class=\"um-icon-android-checkbox-outline-blank\"><\/i><\/span><span class=\"um-field-checkbox-option\">Alem\u00e1n<\/span><\/label><label class=\"um-field-checkbox  um-field-half  right  um-field-radio-state-disabled\"><input   type=\"checkbox\" name=\"idiomas[]\" value=\"Franc\u00e9s\"  \/><span class=\"um-field-checkbox-state\"><i class=\"um-icon-android-checkbox-outline-blank\"><\/i><\/span><span class=\"um-field-checkbox-option\">Franc\u00e9s<\/span><\/label><div class=\"um-clear\"><\/div><label class=\"um-field-checkbox  um-field-half  um-field-radio-state-disabled\"><input   type=\"checkbox\" name=\"idiomas[]\" value=\"Ingl\u00e9s\"  \/><span class=\"um-field-checkbox-state\"><i class=\"um-icon-android-checkbox-outline-blank\"><\/i><\/span><span class=\"um-field-checkbox-option\">Ingl\u00e9s<\/span><\/label><label class=\"um-field-checkbox  um-field-half  right  um-field-radio-state-disabled\"><input   type=\"checkbox\" name=\"idiomas[]\" value=\"Italiano\"  \/><span class=\"um-field-checkbox-state\"><i class=\"um-icon-android-checkbox-outline-blank\"><\/i><\/span><span class=\"um-field-checkbox-option\">Italiano<\/span><\/label><div class=\"um-clear\"><\/div><label class=\"um-field-checkbox  um-field-half  um-field-radio-state-disabled\"><input   type=\"checkbox\" name=\"idiomas[]\" value=\"Neerland\u00e9s\"  \/><span class=\"um-field-checkbox-state\"><i class=\"um-icon-android-checkbox-outline-blank\"><\/i><\/span><span class=\"um-field-checkbox-option\">Neerland\u00e9s<\/span><\/label><label class=\"um-field-checkbox  um-field-half  right  um-field-radio-state-disabled\"><input   type=\"checkbox\" name=\"idiomas[]\" value=\"Portugu\u00e9s\"  \/><span class=\"um-field-checkbox-state\"><i class=\"um-icon-android-checkbox-outline-blank\"><\/i><\/span><span class=\"um-field-checkbox-option\">Portugu\u00e9s<\/span><\/label><div class=\"um-clear\"><\/div><label class=\"um-field-checkbox  um-field-half  um-field-radio-state-disabled\"><input   type=\"checkbox\" name=\"idiomas[]\" value=\"Ruso\"  \/><span class=\"um-field-checkbox-state\"><i class=\"um-icon-android-checkbox-outline-blank\"><\/i><\/span><span class=\"um-field-checkbox-option\">Ruso<\/span><\/label><label class=\"um-field-checkbox  um-field-half  right  um-field-radio-state-disabled\"><input   type=\"checkbox\" name=\"idiomas[]\" value=\"Chino\"  \/><span class=\"um-field-checkbox-state\"><i class=\"um-icon-android-checkbox-outline-blank\"><\/i><\/span><span class=\"um-field-checkbox-option\">Chino<\/span><\/label><div class=\"um-clear\"><\/div><label class=\"um-field-checkbox  um-field-half  um-field-radio-state-disabled\"><input   type=\"checkbox\" name=\"idiomas[]\" value=\"Noruego\"  \/><span class=\"um-field-checkbox-state\"><i class=\"um-icon-android-checkbox-outline-blank\"><\/i><\/span><span class=\"um-field-checkbox-option\">Noruego<\/span><\/label><div class=\"um-clear\"><\/div><\/div><\/div><div  id=\"um_field_445_especializacion\" class=\"um-field um-field-checkbox  um-field-especializacion um-field-checkbox um-field-type_checkbox\" data-key=\"especializacion\"  aria-invalid=\"false\" ><div class=\"um-field-label\"><label for=\"especializacion-445\">Especializaci\u00f3n<span class=\"um-req\" title=\"Required\">*<\/span><\/label><div class=\"um-clear\"><\/div><\/div><div class=\"um-field-area\"><label class=\"um-field-checkbox  um-field-half  um-field-radio-state-disabled\"><input   type=\"checkbox\" name=\"especializacion[]\" value=\"Audiovisual\"  \/><span class=\"um-field-checkbox-state\"><i class=\"um-icon-android-checkbox-outline-blank\"><\/i><\/span><span class=\"um-field-checkbox-option\">Audiovisual<\/span><\/label><label class=\"um-field-checkbox  um-field-half  right  um-field-radio-state-disabled\"><input   type=\"checkbox\" name=\"especializacion[]\" value=\"Ciencias de la Salud\"  \/><span class=\"um-field-checkbox-state\"><i class=\"um-icon-android-checkbox-outline-blank\"><\/i><\/span><span class=\"um-field-checkbox-option\">Ciencias de la Salud<\/span><\/label><div class=\"um-clear\"><\/div><label class=\"um-field-checkbox  um-field-half  um-field-radio-state-disabled\"><input   type=\"checkbox\" name=\"especializacion[]\" value=\"Ciencias Sociales\"  \/><span class=\"um-field-checkbox-state\"><i class=\"um-icon-android-checkbox-outline-blank\"><\/i><\/span><span class=\"um-field-checkbox-option\">Ciencias Sociales<\/span><\/label><label class=\"um-field-checkbox  um-field-half  right  um-field-radio-state-disabled\"><input   type=\"checkbox\" name=\"especializacion[]\" value=\"Correcci\u00f3n\"  \/><span class=\"um-field-checkbox-state\"><i class=\"um-icon-android-checkbox-outline-blank\"><\/i><\/span><span class=\"um-field-checkbox-option\">Correcci\u00f3n<\/span><\/label><div class=\"um-clear\"><\/div><label class=\"um-field-checkbox  um-field-half  um-field-radio-state-disabled\"><input   type=\"checkbox\" name=\"especializacion[]\" value=\"Ecolog\u00eda y Medioambiente\"  \/><span class=\"um-field-checkbox-state\"><i class=\"um-icon-android-checkbox-outline-blank\"><\/i><\/span><span class=\"um-field-checkbox-option\">Ecolog\u00eda y Medioambiente<\/span><\/label><label class=\"um-field-checkbox  um-field-half  right  um-field-radio-state-disabled\"><input   type=\"checkbox\" name=\"especializacion[]\" value=\"Econom\u00eda y Finanzas\"  \/><span class=\"um-field-checkbox-state\"><i class=\"um-icon-android-checkbox-outline-blank\"><\/i><\/span><span class=\"um-field-checkbox-option\">Econom\u00eda y Finanzas<\/span><\/label><div class=\"um-clear\"><\/div><label class=\"um-field-checkbox  um-field-half  um-field-radio-state-disabled\"><input   type=\"checkbox\" name=\"especializacion[]\" value=\"Educaci\u00f3n\"  \/><span class=\"um-field-checkbox-state\"><i class=\"um-icon-android-checkbox-outline-blank\"><\/i><\/span><span class=\"um-field-checkbox-option\">Educaci\u00f3n<\/span><\/label><label class=\"um-field-checkbox  um-field-half  right  um-field-radio-state-disabled\"><input   type=\"checkbox\" name=\"especializacion[]\" value=\"Ingenier\u00eda\"  \/><span class=\"um-field-checkbox-state\"><i class=\"um-icon-android-checkbox-outline-blank\"><\/i><\/span><span class=\"um-field-checkbox-option\">Ingenier\u00eda<\/span><\/label><div class=\"um-clear\"><\/div><label class=\"um-field-checkbox  um-field-half  um-field-radio-state-disabled\"><input   type=\"checkbox\" name=\"especializacion[]\" value=\"Interpretaci\u00f3n\"  \/><span class=\"um-field-checkbox-state\"><i class=\"um-icon-android-checkbox-outline-blank\"><\/i><\/span><span class=\"um-field-checkbox-option\">Interpretaci\u00f3n<\/span><\/label><label class=\"um-field-checkbox  um-field-half  right  um-field-radio-state-disabled\"><input   type=\"checkbox\" name=\"especializacion[]\" value=\"Interpretaci\u00f3n judicial\"  \/><span class=\"um-field-checkbox-state\"><i class=\"um-icon-android-checkbox-outline-blank\"><\/i><\/span><span class=\"um-field-checkbox-option\">Interpretaci\u00f3n judicial<\/span><\/label><div class=\"um-clear\"><\/div><label class=\"um-field-checkbox  um-field-half  um-field-radio-state-disabled\"><input   type=\"checkbox\" name=\"especializacion[]\" value=\"Jur\u00eddico\"  \/><span class=\"um-field-checkbox-state\"><i class=\"um-icon-android-checkbox-outline-blank\"><\/i><\/span><span class=\"um-field-checkbox-option\">Jur\u00eddico<\/span><\/label><label class=\"um-field-checkbox  um-field-half  right  um-field-radio-state-disabled\"><input   type=\"checkbox\" name=\"especializacion[]\" value=\"Literaria\"  \/><span class=\"um-field-checkbox-state\"><i class=\"um-icon-android-checkbox-outline-blank\"><\/i><\/span><span class=\"um-field-checkbox-option\">Literaria<\/span><\/label><div class=\"um-clear\"><\/div><label class=\"um-field-checkbox  um-field-half  um-field-radio-state-disabled\"><input   type=\"checkbox\" name=\"especializacion[]\" value=\"Localizaci\u00f3n\"  \/><span class=\"um-field-checkbox-state\"><i class=\"um-icon-android-checkbox-outline-blank\"><\/i><\/span><span class=\"um-field-checkbox-option\">Localizaci\u00f3n<\/span><\/label><label class=\"um-field-checkbox  um-field-half  right  um-field-radio-state-disabled\"><input   type=\"checkbox\" name=\"especializacion[]\" value=\"Marketing y Publicidad\"  \/><span class=\"um-field-checkbox-state\"><i class=\"um-icon-android-checkbox-outline-blank\"><\/i><\/span><span class=\"um-field-checkbox-option\">Marketing y Publicidad<\/span><\/label><div class=\"um-clear\"><\/div><label class=\"um-field-checkbox  um-field-half  um-field-radio-state-disabled\"><input   type=\"checkbox\" name=\"especializacion[]\" value=\"Mar\u00edtima\"  \/><span class=\"um-field-checkbox-state\"><i class=\"um-icon-android-checkbox-outline-blank\"><\/i><\/span><span class=\"um-field-checkbox-option\">Mar\u00edtima<\/span><\/label><label class=\"um-field-checkbox  um-field-half  right  um-field-radio-state-disabled\"><input   type=\"checkbox\" name=\"especializacion[]\" value=\"Medicina\"  \/><span class=\"um-field-checkbox-state\"><i class=\"um-icon-android-checkbox-outline-blank\"><\/i><\/span><span class=\"um-field-checkbox-option\">Medicina<\/span><\/label><div class=\"um-clear\"><\/div><label class=\"um-field-checkbox  um-field-half  um-field-radio-state-disabled\"><input   type=\"checkbox\" name=\"especializacion[]\" value=\"Petr\u00f3leo y Gas\"  \/><span class=\"um-field-checkbox-state\"><i class=\"um-icon-android-checkbox-outline-blank\"><\/i><\/span><span class=\"um-field-checkbox-option\">Petr\u00f3leo y Gas<\/span><\/label><label class=\"um-field-checkbox  um-field-half  right  um-field-radio-state-disabled\"><input   type=\"checkbox\" name=\"especializacion[]\" value=\"T\u00e9cnico-Cient\u00edfica\"  \/><span class=\"um-field-checkbox-state\"><i class=\"um-icon-android-checkbox-outline-blank\"><\/i><\/span><span class=\"um-field-checkbox-option\">T\u00e9cnico-Cient\u00edfica<\/span><\/label><div class=\"um-clear\"><\/div><label class=\"um-field-checkbox  um-field-half  um-field-radio-state-disabled\"><input   type=\"checkbox\" name=\"especializacion[]\" value=\"Turismo y Gastronom\u00eda\"  \/><span class=\"um-field-checkbox-state\"><i class=\"um-icon-android-checkbox-outline-blank\"><\/i><\/span><span class=\"um-field-checkbox-option\">Turismo y Gastronom\u00eda<\/span><\/label><label class=\"um-field-checkbox  um-field-half  right  um-field-radio-state-disabled\"><input   type=\"checkbox\" name=\"especializacion[]\" value=\"Otras\"  \/><span class=\"um-field-checkbox-state\"><i class=\"um-icon-android-checkbox-outline-blank\"><\/i><\/span><span class=\"um-field-checkbox-option\">Otras<\/span><\/label><div class=\"um-clear\"><\/div><div class=\"um-clear\"><\/div><\/div><\/div><div  id=\"um_field_445_regional\" class=\"um-field um-field-select  um-field-regional um-field-select um-field-type_select\" data-key=\"regional\"><div class=\"um-field-label\"><label for=\"regional-445\">Regional<span class=\"um-req\" title=\"Required\">*<\/span><\/label><div class=\"um-clear\"><\/div><\/div><div class=\"um-field-area  \"><select data-default=\"\"     name=\"regional\" id=\"regional\" data-validate=\"\" data-key=\"regional\" class=\"um-form-field valid um-s1 \" style=\"width: 100%\" data-placeholder=\"\"   aria-invalid=\"false\" ><option value=\"\"><\/option><option value=\"Bah\u00eda Blanca\" >Bah\u00eda Blanca<\/option><option value=\"La Plata\" >La Plata<\/option><option value=\"Mor\u00f3n\" >Mor\u00f3n<\/option><option value=\"San Isidro\" >San Isidro<\/option><\/select><\/div><\/div><div  id=\"um_field_445_ubicacion\" class=\"um-field um-field-text  um-field-ubicacion um-field-text um-field-type_text\" data-key=\"ubicacion\"><div class=\"um-field-label\"><label for=\"ubicacion-445\">Ubicaci\u00f3n<\/label><div class=\"um-clear\"><\/div><\/div><div class=\"um-field-area\"><input  autocomplete=\"off\" class=\"um-form-field valid not-required \" type=\"text\" name=\"ubicacion-445\" id=\"ubicacion-445\" value=\"\" placeholder=\"\" data-validate=\"\" data-key=\"ubicacion\"  aria-invalid=\"false\" \/>\n\n\t\t\t\t\t\t<\/div><\/div><div  id=\"um_field_445_user_password\" class=\"um-field um-field-password  um-field-user_password um-field-password um-field-type_password\" data-key=\"user_password\"><div class=\"um-field-label\"><label for=\"user_password-445\">Contrase\u00f1a<span class=\"um-req\" title=\"Required\">*<\/span><\/label><div class=\"um-clear\"><\/div><\/div><div class=\"um-field-area\"><input class=\"um-form-field valid \" type=\"password\" name=\"user_password-445\" id=\"user_password-445\" value=\"\" placeholder=\"\" data-validate=\"\" data-key=\"user_password\"  aria-invalid=\"false\" \/>\n\n\t\t\t\t\t\t\t<\/div><\/div><\/div><\/div>\t<input type=\"hidden\" name=\"form_id\" id=\"form_id_445\" value=\"445\" \/>\n\t\t<p class=\"um_request_name\">\n\t\t<label for=\"um_request_445\">Only fill in if you are not human<\/label>\n\t\t<input type=\"hidden\" name=\"um_request\" id=\"um_request_445\" class=\"input\" value=\"\" size=\"25\" autocomplete=\"off\" \/>\n\t<\/p>\n\t<input type=\"hidden\" id=\"_wpnonce\" name=\"_wpnonce\" value=\"d159385e5a\" \/><input type=\"hidden\" name=\"_wp_http_referer\" value=\"\/bahiablanca\/wp-json\/wp\/v2\/pages\/468\" \/>\n\t<div class=\"um-col-alt\">\n\n\t\t\n\t\t\t<div class=\"um-left um-half\">\n\t\t\t\t<input type=\"submit\" value=\"Registrarme\" class=\"um-button\" id=\"um-submit-btn\" \/>\n\t\t\t<\/div>\n\t\t\t<div class=\"um-right um-half\">\n\t\t\t\t<a href=\"https:\/\/www.traductorespba.org\/bahiablanca\/login\/\" class=\"um-button um-alt\">\n\t\t\t\t\tIniciar sesi\u00f3n\t\t\t\t<\/a>\n\t\t\t<\/div>\n\n\t\t\n\t\t<div class=\"um-clear\"><\/div>\n\n\t<\/div>\n\n\t\t\t<\/form>\n\t<\/div>\n<\/div>\n<style>\n\t\t\t.um-445.um {\n\t\t\tmax-width: 450px;\n\t\t}\n\t\t<\/style>\n\n","protected":false},"excerpt":{"rendered":"Usuario* Nombre* Apellido* E-mail* Matr\u00edcula o DNI* Idiomas*Alem\u00e1nFranc\u00e9sIngl\u00e9sItalianoNeerland\u00e9sPortugu\u00e9sRusoChinoNoruegoEspecializaci\u00f3n*AudiovisualCiencias de la SaludCiencias SocialesCorrecci\u00f3nEcolog\u00eda y MedioambienteEconom\u00eda y FinanzasEducaci\u00f3nIngenier\u00edaInterpretaci\u00f3nInterpretaci\u00f3n judicialJur\u00eddicoLiterariaLocalizaci\u00f3nMarketing y PublicidadMar\u00edtimaMedicinaPetr\u00f3leo y GasT\u00e9cnico-Cient\u00edficaTurismo y Gastronom\u00edaOtrasRegional*Bah\u00eda BlancaLa PlataMor\u00f3nSan IsidroUbicaci\u00f3n Contrase\u00f1a* Only fill in if you are not human Iniciar sesi\u00f3n","protected":false},"author":1,"featured_media":0,"parent":0,"menu_order":0,"comment_status":"closed","ping_status":"closed","template":"","meta":{"footnotes":""},"class_list":["post-468","page","type-page","status-publish","hentry"],"yoast_head":"<!-- This site is optimized with the Yoast SEO plugin v27.3 - https:\/\/yoast.com\/product\/yoast-seo-wordpress\/ -->\n<title>Registrarme - COLEGIO DE TRADUCTORES P\u00daBLICOS DE LA PROVINCIA DE BUENOS AIRES \u2013 REGIONAL BAH\u00cdA BLANCA<\/title>\n<meta name=\"robots\" content=\"index, follow, max-snippet:-1, max-image-preview:large, max-video-preview:-1\" \/>\n<link rel=\"canonical\" href=\"https:\/\/www.traductorespba.org\/bahiablanca\/registrate\/\" \/>\n<meta property=\"og:locale\" content=\"es_ES\" \/>\n<meta property=\"og:type\" content=\"article\" \/>\n<meta property=\"og:title\" content=\"Registrarme - COLEGIO DE TRADUCTORES P\u00daBLICOS DE LA PROVINCIA DE BUENOS AIRES \u2013 REGIONAL BAH\u00cdA BLANCA\" \/>\n<meta property=\"og:url\" content=\"https:\/\/www.traductorespba.org\/bahiablanca\/registrate\/\" \/>\n<meta property=\"og:site_name\" content=\"COLEGIO DE TRADUCTORES P\u00daBLICOS DE LA PROVINCIA DE BUENOS AIRES \u2013 REGIONAL BAH\u00cdA BLANCA\" \/>\n<meta property=\"article:modified_time\" content=\"2022-11-06T17:27:11+00:00\" \/>\n<meta name=\"twitter:card\" content=\"summary_large_image\" \/>\n<meta name=\"twitter:label1\" content=\"Tiempo de lectura\" \/>\n\t<meta name=\"twitter:data1\" content=\"1 minuto\" \/>\n<script type=\"application\/ld+json\" class=\"yoast-schema-graph\">{\"@context\":\"https:\\\/\\\/schema.org\",\"@graph\":[{\"@type\":\"WebPage\",\"@id\":\"https:\\\/\\\/www.traductorespba.org\\\/bahiablanca\\\/registrate\\\/\",\"url\":\"https:\\\/\\\/www.traductorespba.org\\\/bahiablanca\\\/registrate\\\/\",\"name\":\"Registrarme - COLEGIO DE TRADUCTORES P\u00daBLICOS DE LA PROVINCIA DE BUENOS AIRES \u2013 REGIONAL BAH\u00cdA BLANCA\",\"isPartOf\":{\"@id\":\"https:\\\/\\\/www.traductorespba.org\\\/bahiablanca\\\/#website\"},\"datePublished\":\"2022-06-24T23:28:17+00:00\",\"dateModified\":\"2022-11-06T17:27:11+00:00\",\"breadcrumb\":{\"@id\":\"https:\\\/\\\/www.traductorespba.org\\\/bahiablanca\\\/registrate\\\/#breadcrumb\"},\"inLanguage\":\"es-AR\",\"potentialAction\":[{\"@type\":\"ReadAction\",\"target\":[\"https:\\\/\\\/www.traductorespba.org\\\/bahiablanca\\\/registrate\\\/\"]}]},{\"@type\":\"BreadcrumbList\",\"@id\":\"https:\\\/\\\/www.traductorespba.org\\\/bahiablanca\\\/registrate\\\/#breadcrumb\",\"itemListElement\":[{\"@type\":\"ListItem\",\"position\":1,\"name\":\"Inicio\",\"item\":\"https:\\\/\\\/www.traductorespba.org\\\/bahiablanca\\\/\"},{\"@type\":\"ListItem\",\"position\":2,\"name\":\"Registrarme\"}]},{\"@type\":\"WebSite\",\"@id\":\"https:\\\/\\\/www.traductorespba.org\\\/bahiablanca\\\/#website\",\"url\":\"https:\\\/\\\/www.traductorespba.org\\\/bahiablanca\\\/\",\"name\":\"COLEGIO DE TRADUCTORES P\u00daBLICOS DE LA PROVINCIA DE BUENOS AIRES \u2013 REGIONAL BAH\u00cdA BLANCA\",\"description\":\"\",\"potentialAction\":[{\"@type\":\"SearchAction\",\"target\":{\"@type\":\"EntryPoint\",\"urlTemplate\":\"https:\\\/\\\/www.traductorespba.org\\\/bahiablanca\\\/?s={search_term_string}\"},\"query-input\":{\"@type\":\"PropertyValueSpecification\",\"valueRequired\":true,\"valueName\":\"search_term_string\"}}],\"inLanguage\":\"es-AR\"}]}<\/script>\n<!-- \/ Yoast SEO plugin. -->","yoast_head_json":{"title":"Registrarme - COLEGIO DE TRADUCTORES P\u00daBLICOS DE LA PROVINCIA DE BUENOS AIRES \u2013 REGIONAL BAH\u00cdA BLANCA","robots":{"index":"index","follow":"follow","max-snippet":"max-snippet:-1","max-image-preview":"max-image-preview:large","max-video-preview":"max-video-preview:-1"},"canonical":"https:\/\/www.traductorespba.org\/bahiablanca\/registrate\/","og_locale":"es_ES","og_type":"article","og_title":"Registrarme - COLEGIO DE TRADUCTORES P\u00daBLICOS DE LA PROVINCIA DE BUENOS AIRES \u2013 REGIONAL BAH\u00cdA BLANCA","og_url":"https:\/\/www.traductorespba.org\/bahiablanca\/registrate\/","og_site_name":"COLEGIO DE TRADUCTORES P\u00daBLICOS DE LA PROVINCIA DE BUENOS AIRES \u2013 REGIONAL BAH\u00cdA BLANCA","article_modified_time":"2022-11-06T17:27:11+00:00","twitter_card":"summary_large_image","twitter_misc":{"Tiempo de lectura":"1 minuto"},"schema":{"@context":"https:\/\/schema.org","@graph":[{"@type":"WebPage","@id":"https:\/\/www.traductorespba.org\/bahiablanca\/registrate\/","url":"https:\/\/www.traductorespba.org\/bahiablanca\/registrate\/","name":"Registrarme - COLEGIO DE TRADUCTORES P\u00daBLICOS DE LA PROVINCIA DE BUENOS AIRES \u2013 REGIONAL BAH\u00cdA BLANCA","isPartOf":{"@id":"https:\/\/www.traductorespba.org\/bahiablanca\/#website"},"datePublished":"2022-06-24T23:28:17+00:00","dateModified":"2022-11-06T17:27:11+00:00","breadcrumb":{"@id":"https:\/\/www.traductorespba.org\/bahiablanca\/registrate\/#breadcrumb"},"inLanguage":"es-AR","potentialAction":[{"@type":"ReadAction","target":["https:\/\/www.traductorespba.org\/bahiablanca\/registrate\/"]}]},{"@type":"BreadcrumbList","@id":"https:\/\/www.traductorespba.org\/bahiablanca\/registrate\/#breadcrumb","itemListElement":[{"@type":"ListItem","position":1,"name":"Inicio","item":"https:\/\/www.traductorespba.org\/bahiablanca\/"},{"@type":"ListItem","position":2,"name":"Registrarme"}]},{"@type":"WebSite","@id":"https:\/\/www.traductorespba.org\/bahiablanca\/#website","url":"https:\/\/www.traductorespba.org\/bahiablanca\/","name":"COLEGIO DE TRADUCTORES P\u00daBLICOS DE LA PROVINCIA DE BUENOS AIRES \u2013 REGIONAL BAH\u00cdA BLANCA","description":"","potentialAction":[{"@type":"SearchAction","target":{"@type":"EntryPoint","urlTemplate":"https:\/\/www.traductorespba.org\/bahiablanca\/?s={search_term_string}"},"query-input":{"@type":"PropertyValueSpecification","valueRequired":true,"valueName":"search_term_string"}}],"inLanguage":"es-AR"}]}},"_links":{"self":[{"href":"https:\/\/www.traductorespba.org\/bahiablanca\/wp-json\/wp\/v2\/pages\/468","targetHints":{"allow":["GET"]}}],"collection":[{"href":"https:\/\/www.traductorespba.org\/bahiablanca\/wp-json\/wp\/v2\/pages"}],"about":[{"href":"https:\/\/www.traductorespba.org\/bahiablanca\/wp-json\/wp\/v2\/types\/page"}],"author":[{"embeddable":true,"href":"https:\/\/www.traductorespba.org\/bahiablanca\/wp-json\/wp\/v2\/users\/1"}],"replies":[{"embeddable":true,"href":"https:\/\/www.traductorespba.org\/bahiablanca\/wp-json\/wp\/v2\/comments?post=468"}],"version-history":[{"count":2,"href":"https:\/\/www.traductorespba.org\/bahiablanca\/wp-json\/wp\/v2\/pages\/468\/revisions"}],"predecessor-version":[{"id":942,"href":"https:\/\/www.traductorespba.org\/bahiablanca\/wp-json\/wp\/v2\/pages\/468\/revisions\/942"}],"wp:attachment":[{"href":"https:\/\/www.traductorespba.org\/bahiablanca\/wp-json\/wp\/v2\/media?parent=468"}],"curies":[{"name":"wp","href":"https:\/\/api.w.org\/{rel}","templated":true}]}}