{"id":480,"date":"2022-09-06T01:49:11","date_gmt":"2022-09-06T04:49:11","guid":{"rendered":"https:\/\/traductores.centzon.com.ar\/?page_id=480"},"modified":"2022-09-10T16:02:16","modified_gmt":"2022-09-10T19:02:16","slug":"historia","status":"publish","type":"page","link":"https:\/\/www.traductorespba.org\/bahiablanca\/historia\/","title":{"rendered":"Historia"},"content":{"rendered":"<p>[vc_row][vc_column][vc_column_text]<\/p>\r\n<p>El Colegio de Traductores P\u00fablicos e Int\u00e9rpretes de la Provincia de Buenos Aires (CTPIPBA), creado en el a\u00f1o 2011 por la Ley 12048 y su modificatoria, Ley 14185, regula el ejercicio de la profesi\u00f3n de Traductor P\u00fablico dentro de la provincia de Buenos Aires y est\u00e1 conformado por cuatro colegios regionales aut\u00f3nomos cuyos objetivos incluyen, entre otros, velar por las disposiciones legislativas concernientes a la profesi\u00f3n, promover y enaltecer la profesi\u00f3n en el territorio de la provincia, y brindar herramientas de formaci\u00f3n y desarrollo al traductor p\u00fablico matriculado.<\/p>\r\n<p>El Colegio Regional Bah\u00eda Blanca (CRBB) comprende los departamentos judiciales de Azul, Bah\u00eda Blanca, Mar del Plata y Necochea.<\/p>\r\n<p>[\/vc_column_text][\/vc_column][\/vc_row][vc_row][vc_column][vc_custom_heading text=&#8221;Membres\u00edas&#8221; font_container=&#8221;tag:h2|text_align:left|color:%2309b0a8&#8243; use_theme_fonts=&#8221;yes&#8221;][\/vc_column][\/vc_row][vc_row el_class=&#8221;seccion-normativa&#8221;][vc_column][vc_row_inner][vc_column_inner width=&#8221;1\/4&#8243;][vc_single_image image=&#8221;506&#8243; alignment=&#8221;center&#8221;][\/vc_column_inner][vc_column_inner width=&#8221;3\/4&#8243;][vc_column_text]<\/p>\r\n<p>El CTPIPBA es miembro de la Federaci\u00f3n Argentina de Traductores (FAT), instituci\u00f3n sin fines de lucro que nuclea a los colegios profesionales de traductores creados por ley. Sus objetivos incluyen, entre otros, reconocer y jerarquizar la profesi\u00f3n, apoyar la labor de las entidades miembro, y establecer v\u00ednculos con instituciones universitarias y otros organismos vinculados con el \u00e1rea de la formaci\u00f3n profesional.<\/p>\r\n<p>[\/vc_column_text][\/vc_column_inner][\/vc_row_inner][\/vc_column][\/vc_row][vc_row el_class=&#8221;seccion-normativa&#8221;][vc_column][vc_row_inner][vc_column_inner width=&#8221;1\/4&#8243;][vc_single_image image=&#8221;508&#8243; alignment=&#8221;center&#8221;][\/vc_column_inner][vc_column_inner width=&#8221;3\/4&#8243;][vc_column_text]<\/p>\r\n<p>Desde el a\u00f1o 2016, el CTPIPBA es socio del Instituto Argentino de Normalizaci\u00f3n y Certificaci\u00f3n (IRAM) y est\u00e1 representado por un integrante de cada colegio regional. Estos representantes forman parte de la Comisi\u00f3n que estudia la redacci\u00f3n, revisi\u00f3n y\/o adaptaci\u00f3n de nuevas normas de calidad de traducci\u00f3n e interpretaci\u00f3n para su uso en Argentina.<\/p>\r\n<p>[\/vc_column_text][\/vc_column_inner][\/vc_row_inner][\/vc_column][\/vc_row][vc_row el_class=&#8221;seccion-normativa&#8221;][vc_column][vc_row_inner][vc_column_inner width=&#8221;1\/4&#8243;][vc_single_image image=&#8221;509&#8243; img_size=&#8221;full&#8221; alignment=&#8221;center&#8221;][\/vc_column_inner][vc_column_inner width=&#8221;3\/4&#8243;][vc_column_text]<\/p>\r\n<p>El CTPIPBA es miembro de la Federaci\u00f3n de Entidades de Profesionales Universitarios de la Provincia de Buenos Aires (FEPUBA), que nuclea a colegios, consejos y federaciones de profesionales universitarios de toda la provincia de Buenos Aires y est\u00e1 adherida a la Confederaci\u00f3n General de Profesionales de la Rep\u00fablica Argentina (CGP).<\/p>\r\n<p>[\/vc_column_text][\/vc_column_inner][\/vc_row_inner][\/vc_column][\/vc_row]<\/p>","protected":false},"excerpt":{"rendered":"<p>[vc_row][vc_column][vc_column_text] El Colegio de Traductores P\u00fablicos e Int\u00e9rpretes de la Provincia de Buenos Aires (CTPIPBA), creado en el a\u00f1o 2011 por la Ley 12048 y su modificatoria, Ley 14185, regula el ejercicio de la profesi\u00f3n de Traductor P\u00fablico dentro de la provincia de Buenos Aires y est\u00e1 conformado por cuatro colegios regionales aut\u00f3nomos cuyos objetivos [&hellip;]<\/p>\n","protected":false},"author":1,"featured_media":0,"parent":0,"menu_order":0,"comment_status":"closed","ping_status":"closed","template":"","meta":{"footnotes":""},"class_list":["post-480","page","type-page","status-publish","hentry"],"yoast_head":"<!-- This site is optimized with the Yoast SEO plugin v27.3 - https:\/\/yoast.com\/product\/yoast-seo-wordpress\/ -->\n<title>Historia - COLEGIO DE TRADUCTORES P\u00daBLICOS DE LA PROVINCIA DE BUENOS AIRES \u2013 REGIONAL BAH\u00cdA BLANCA<\/title>\n<meta name=\"robots\" content=\"index, follow, max-snippet:-1, max-image-preview:large, max-video-preview:-1\" \/>\n<link rel=\"canonical\" href=\"https:\/\/www.traductorespba.org\/bahiablanca\/historia\/\" \/>\n<meta property=\"og:locale\" content=\"es_ES\" \/>\n<meta property=\"og:type\" content=\"article\" \/>\n<meta property=\"og:title\" content=\"Historia - COLEGIO DE TRADUCTORES P\u00daBLICOS DE LA PROVINCIA DE BUENOS AIRES \u2013 REGIONAL BAH\u00cdA BLANCA\" \/>\n<meta property=\"og:description\" content=\"[vc_row][vc_column][vc_column_text] El Colegio de Traductores P\u00fablicos e Int\u00e9rpretes de la Provincia de Buenos Aires (CTPIPBA), creado en el a\u00f1o 2011 por la Ley 12048 y su modificatoria, Ley 14185, regula el ejercicio de la profesi\u00f3n de Traductor P\u00fablico dentro de la provincia de Buenos Aires y est\u00e1 conformado por cuatro colegios regionales aut\u00f3nomos cuyos objetivos [&hellip;]\" \/>\n<meta property=\"og:url\" content=\"https:\/\/www.traductorespba.org\/bahiablanca\/historia\/\" \/>\n<meta property=\"og:site_name\" content=\"COLEGIO DE TRADUCTORES P\u00daBLICOS DE LA PROVINCIA DE BUENOS AIRES \u2013 REGIONAL BAH\u00cdA BLANCA\" \/>\n<meta property=\"article:modified_time\" content=\"2022-09-10T19:02:16+00:00\" \/>\n<meta name=\"twitter:card\" content=\"summary_large_image\" \/>\n<meta name=\"twitter:label1\" content=\"Tiempo de lectura\" \/>\n\t<meta name=\"twitter:data1\" content=\"2 minutos\" \/>\n<script type=\"application\/ld+json\" class=\"yoast-schema-graph\">{\"@context\":\"https:\\\/\\\/schema.org\",\"@graph\":[{\"@type\":\"WebPage\",\"@id\":\"https:\\\/\\\/www.traductorespba.org\\\/bahiablanca\\\/historia\\\/\",\"url\":\"https:\\\/\\\/www.traductorespba.org\\\/bahiablanca\\\/historia\\\/\",\"name\":\"Historia - COLEGIO DE TRADUCTORES P\u00daBLICOS DE LA PROVINCIA DE BUENOS AIRES \u2013 REGIONAL BAH\u00cdA BLANCA\",\"isPartOf\":{\"@id\":\"https:\\\/\\\/www.traductorespba.org\\\/bahiablanca\\\/#website\"},\"datePublished\":\"2022-09-06T04:49:11+00:00\",\"dateModified\":\"2022-09-10T19:02:16+00:00\",\"breadcrumb\":{\"@id\":\"https:\\\/\\\/www.traductorespba.org\\\/bahiablanca\\\/historia\\\/#breadcrumb\"},\"inLanguage\":\"es-AR\",\"potentialAction\":[{\"@type\":\"ReadAction\",\"target\":[\"https:\\\/\\\/www.traductorespba.org\\\/bahiablanca\\\/historia\\\/\"]}]},{\"@type\":\"BreadcrumbList\",\"@id\":\"https:\\\/\\\/www.traductorespba.org\\\/bahiablanca\\\/historia\\\/#breadcrumb\",\"itemListElement\":[{\"@type\":\"ListItem\",\"position\":1,\"name\":\"Inicio\",\"item\":\"https:\\\/\\\/www.traductorespba.org\\\/bahiablanca\\\/\"},{\"@type\":\"ListItem\",\"position\":2,\"name\":\"Historia\"}]},{\"@type\":\"WebSite\",\"@id\":\"https:\\\/\\\/www.traductorespba.org\\\/bahiablanca\\\/#website\",\"url\":\"https:\\\/\\\/www.traductorespba.org\\\/bahiablanca\\\/\",\"name\":\"COLEGIO DE TRADUCTORES P\u00daBLICOS DE LA PROVINCIA DE BUENOS AIRES \u2013 REGIONAL BAH\u00cdA BLANCA\",\"description\":\"\",\"potentialAction\":[{\"@type\":\"SearchAction\",\"target\":{\"@type\":\"EntryPoint\",\"urlTemplate\":\"https:\\\/\\\/www.traductorespba.org\\\/bahiablanca\\\/?s={search_term_string}\"},\"query-input\":{\"@type\":\"PropertyValueSpecification\",\"valueRequired\":true,\"valueName\":\"search_term_string\"}}],\"inLanguage\":\"es-AR\"}]}<\/script>\n<!-- \/ Yoast SEO plugin. -->","yoast_head_json":{"title":"Historia - COLEGIO DE TRADUCTORES P\u00daBLICOS DE LA PROVINCIA DE BUENOS AIRES \u2013 REGIONAL BAH\u00cdA BLANCA","robots":{"index":"index","follow":"follow","max-snippet":"max-snippet:-1","max-image-preview":"max-image-preview:large","max-video-preview":"max-video-preview:-1"},"canonical":"https:\/\/www.traductorespba.org\/bahiablanca\/historia\/","og_locale":"es_ES","og_type":"article","og_title":"Historia - COLEGIO DE TRADUCTORES P\u00daBLICOS DE LA PROVINCIA DE BUENOS AIRES \u2013 REGIONAL BAH\u00cdA BLANCA","og_description":"[vc_row][vc_column][vc_column_text] El Colegio de Traductores P\u00fablicos e Int\u00e9rpretes de la Provincia de Buenos Aires (CTPIPBA), creado en el a\u00f1o 2011 por la Ley 12048 y su modificatoria, Ley 14185, regula el ejercicio de la profesi\u00f3n de Traductor P\u00fablico dentro de la provincia de Buenos Aires y est\u00e1 conformado por cuatro colegios regionales aut\u00f3nomos cuyos objetivos [&hellip;]","og_url":"https:\/\/www.traductorespba.org\/bahiablanca\/historia\/","og_site_name":"COLEGIO DE TRADUCTORES P\u00daBLICOS DE LA PROVINCIA DE BUENOS AIRES \u2013 REGIONAL BAH\u00cdA BLANCA","article_modified_time":"2022-09-10T19:02:16+00:00","twitter_card":"summary_large_image","twitter_misc":{"Tiempo de lectura":"2 minutos"},"schema":{"@context":"https:\/\/schema.org","@graph":[{"@type":"WebPage","@id":"https:\/\/www.traductorespba.org\/bahiablanca\/historia\/","url":"https:\/\/www.traductorespba.org\/bahiablanca\/historia\/","name":"Historia - COLEGIO DE TRADUCTORES P\u00daBLICOS DE LA PROVINCIA DE BUENOS AIRES \u2013 REGIONAL BAH\u00cdA BLANCA","isPartOf":{"@id":"https:\/\/www.traductorespba.org\/bahiablanca\/#website"},"datePublished":"2022-09-06T04:49:11+00:00","dateModified":"2022-09-10T19:02:16+00:00","breadcrumb":{"@id":"https:\/\/www.traductorespba.org\/bahiablanca\/historia\/#breadcrumb"},"inLanguage":"es-AR","potentialAction":[{"@type":"ReadAction","target":["https:\/\/www.traductorespba.org\/bahiablanca\/historia\/"]}]},{"@type":"BreadcrumbList","@id":"https:\/\/www.traductorespba.org\/bahiablanca\/historia\/#breadcrumb","itemListElement":[{"@type":"ListItem","position":1,"name":"Inicio","item":"https:\/\/www.traductorespba.org\/bahiablanca\/"},{"@type":"ListItem","position":2,"name":"Historia"}]},{"@type":"WebSite","@id":"https:\/\/www.traductorespba.org\/bahiablanca\/#website","url":"https:\/\/www.traductorespba.org\/bahiablanca\/","name":"COLEGIO DE TRADUCTORES P\u00daBLICOS DE LA PROVINCIA DE BUENOS AIRES \u2013 REGIONAL BAH\u00cdA BLANCA","description":"","potentialAction":[{"@type":"SearchAction","target":{"@type":"EntryPoint","urlTemplate":"https:\/\/www.traductorespba.org\/bahiablanca\/?s={search_term_string}"},"query-input":{"@type":"PropertyValueSpecification","valueRequired":true,"valueName":"search_term_string"}}],"inLanguage":"es-AR"}]}},"_links":{"self":[{"href":"https:\/\/www.traductorespba.org\/bahiablanca\/wp-json\/wp\/v2\/pages\/480","targetHints":{"allow":["GET"]}}],"collection":[{"href":"https:\/\/www.traductorespba.org\/bahiablanca\/wp-json\/wp\/v2\/pages"}],"about":[{"href":"https:\/\/www.traductorespba.org\/bahiablanca\/wp-json\/wp\/v2\/types\/page"}],"author":[{"embeddable":true,"href":"https:\/\/www.traductorespba.org\/bahiablanca\/wp-json\/wp\/v2\/users\/1"}],"replies":[{"embeddable":true,"href":"https:\/\/www.traductorespba.org\/bahiablanca\/wp-json\/wp\/v2\/comments?post=480"}],"version-history":[{"count":19,"href":"https:\/\/www.traductorespba.org\/bahiablanca\/wp-json\/wp\/v2\/pages\/480\/revisions"}],"predecessor-version":[{"id":728,"href":"https:\/\/www.traductorespba.org\/bahiablanca\/wp-json\/wp\/v2\/pages\/480\/revisions\/728"}],"wp:attachment":[{"href":"https:\/\/www.traductorespba.org\/bahiablanca\/wp-json\/wp\/v2\/media?parent=480"}],"curies":[{"name":"wp","href":"https:\/\/api.w.org\/{rel}","templated":true}]}}