{"id":493,"date":"2022-09-06T01:55:33","date_gmt":"2022-09-06T04:55:33","guid":{"rendered":"https:\/\/traductores.centzon.com.ar\/?page_id=493"},"modified":"2025-04-15T13:58:09","modified_gmt":"2025-04-15T16:58:09","slug":"requisitos","status":"publish","type":"page","link":"https:\/\/www.traductorespba.org\/bahiablanca\/requisitos\/","title":{"rendered":"Requisitos"},"content":{"rendered":"<p>[vc_row][vc_column][vc_column_text]Para realizar la inscripci\u00f3n en la matr\u00edcula del Colegio Regional Bah\u00eda Blanca, el traductor debe presentarse personalmente en nuestra sede con la siguiente documentaci\u00f3n:[\/vc_column_text][\/vc_column][\/vc_row][vc_row el_class=&#8221;seccion-normativa&#8221;][vc_column][vc_row_inner][vc_column_inner width=&#8221;1\/3&#8243;]<div class=\"porto-sicon-box  wpb_custom_1efe903570d178ff0a9b7bfa5febd3a4 style_1 top-icon\"><div class=\"porto-sicon-top\"><div class=\"porto-just-icon-wrapper porto-sicon-img  porto-icon-9f5d1cfb45d27d96b50bf473aebba227 porto-u-square\" style=\"font-size: 48px;\"><img decoding=\"async\" class=\"img-icon\" alt=\"\" src=\"https:\/\/www.traductorespba.org\/bahiablanca\/wp-content\/uploads\/2022\/09\/legalizaciones.png\" width=\"512\" height=\"512\" \/><\/div><\/div><div class=\"porto-sicon-header\"><h3 class=\"porto-sicon-title\" style=\"\">Diploma original y fotocopia<\/h3><\/div> <!-- header --><\/div><!-- porto-sicon-box -->[\/vc_column_inner][vc_column_inner width=&#8221;1\/3&#8243;]<div class=\"porto-sicon-box  wpb_custom_1efe903570d178ff0a9b7bfa5febd3a4 style_1 top-icon\"><div class=\"porto-sicon-top\"><div class=\"porto-just-icon-wrapper porto-sicon-img  porto-icon-9f5d1cfb45d27d96b50bf473aebba227 porto-u-square\" style=\"font-size: 48px;\"><img decoding=\"async\" class=\"img-icon\" alt=\"\" src=\"https:\/\/www.traductorespba.org\/bahiablanca\/wp-content\/uploads\/2022\/09\/dni-04.png\" width=\"320\" height=\"389\" \/><\/div><\/div><div class=\"porto-sicon-header\"><h3 class=\"porto-sicon-title\" style=\"\">DNI y fotocopia<\/h3><\/div> <!-- header --><\/div><!-- porto-sicon-box -->[\/vc_column_inner][vc_column_inner width=&#8221;1\/3&#8243;]<div class=\"porto-sicon-box  wpb_custom_1efe903570d178ff0a9b7bfa5febd3a4 style_1 top-icon\"><div class=\"porto-sicon-top\"><div class=\"porto-just-icon-wrapper porto-sicon-img  porto-icon-9f5d1cfb45d27d96b50bf473aebba227 porto-u-square\" style=\"font-size: 48px;\"><img decoding=\"async\" class=\"img-icon\" alt=\"\" src=\"https:\/\/www.traductorespba.org\/bahiablanca\/wp-content\/uploads\/2022\/09\/foto-carne.png\" width=\"388\" height=\"356\" \/><\/div><\/div><div class=\"porto-sicon-header\"><h3 class=\"porto-sicon-title\" style=\"\">Dos fotos carnet 4x4 color<\/h3><\/div> <!-- header --><\/div><!-- porto-sicon-box -->[\/vc_column_inner][\/vc_row_inner][\/vc_column][\/vc_row][vc_row][vc_column][vc_column_text]Tambi\u00e9n deber\u00e1 descargar, completar y entregar, junto con la documentaci\u00f3n anterior, los siguientes formularios:[\/vc_column_text][\/vc_column][\/vc_row][vc_row el_class=&#8221;seccion-normativa&#8221;][vc_column][vc_row_inner][vc_column_inner width=&#8221;1\/2&#8243;]<a aria-label=\"Formulario de solicitud de matriculaci\u00f3n\" class=\"porto-sicon-box-link\" href=\"\/bahiablanca\/wp-content\/uploads\/2022\/09\/Formulario-Solicitud-Matriculacion.pdf\"><div class=\"porto-sicon-box  wpb_custom_1efe903570d178ff0a9b7bfa5febd3a4 style_1 default-icon\"><div class=\"porto-sicon-default\"><div class=\"porto-just-icon-wrapper porto-sicon-img  porto-icon-9f5d1cfb45d27d96b50bf473aebba227 porto-u-square\" style=\"font-size: 30px;\"><img decoding=\"async\" class=\"img-icon\" alt=\"\" src=\"https:\/\/www.traductorespba.org\/bahiablanca\/wp-content\/uploads\/2022\/09\/hoja.png\" width=\"314\" height=\"389\" \/><\/div><\/div><div class=\"porto-sicon-header\"><h3 class=\"porto-sicon-title\" style=\"\">Formulario de solicitud de matriculaci\u00f3n<\/h3><\/div> <!-- header --><\/div><!-- porto-sicon-box --><\/a>[\/vc_column_inner][vc_column_inner width=&#8221;1\/2&#8243;]<a aria-label=\"Autorizaci\u00f3n para publicar datos\" class=\"porto-sicon-box-link\" href=\"\/bahiablanca\/wp-content\/uploads\/2022\/09\/Autorizacion-para-publicar-datos.pdf\"><div class=\"porto-sicon-box  wpb_custom_1efe903570d178ff0a9b7bfa5febd3a4 style_1 default-icon\"><div class=\"porto-sicon-default\"><div class=\"porto-just-icon-wrapper porto-sicon-img  porto-icon-9f5d1cfb45d27d96b50bf473aebba227 porto-u-square\" style=\"font-size: 30px;\"><img decoding=\"async\" class=\"img-icon\" alt=\"\" src=\"https:\/\/www.traductorespba.org\/bahiablanca\/wp-content\/uploads\/2022\/09\/hoja.png\" width=\"314\" height=\"389\" \/><\/div><\/div><div class=\"porto-sicon-header\"><h3 class=\"porto-sicon-title\" style=\"\">Autorizaci\u00f3n para publicar datos<\/h3><\/div> <!-- header --><\/div><!-- porto-sicon-box --><\/a>[\/vc_column_inner][\/vc_row_inner][\/vc_column][\/vc_row][vc_row][vc_column][vc_column_text]A continuaci\u00f3n, podr\u00e1 descargar la ficha de Registro de Firma y Sello que deber\u00e1 entregar completa una vez que haya recibido los datos correspondientes, y podr\u00e1 acceder al Reglamento y los requisitos de matriculaci\u00f3n:[\/vc_column_text][\/vc_column][\/vc_row][vc_row el_class=&#8221;seccion-normativa&#8221;][vc_column][vc_row_inner][vc_column_inner width=&#8221;1\/3&#8243;]<a aria-label=\"Ficha de registro de firma y sello\" class=\"porto-sicon-box-link\" href=\"\/bahiablanca\/wp-content\/uploads\/2022\/09\/Ficha-firma-y-sello-CRBB-v3-100614.pdf\"><div class=\"porto-sicon-box  wpb_custom_1efe903570d178ff0a9b7bfa5febd3a4 style_1 default-icon\"><div class=\"porto-sicon-default\"><div class=\"porto-just-icon-wrapper porto-sicon-img  porto-icon-9f5d1cfb45d27d96b50bf473aebba227 porto-u-square\" style=\"font-size: 30px;\"><img decoding=\"async\" class=\"img-icon\" alt=\"\" src=\"https:\/\/www.traductorespba.org\/bahiablanca\/wp-content\/uploads\/2022\/09\/hoja.png\" width=\"314\" height=\"389\" \/><\/div><\/div><div class=\"porto-sicon-header\"><h3 class=\"porto-sicon-title\" style=\"\">Ficha de registro de firma y sello<\/h3><\/div> <!-- header --><\/div><!-- porto-sicon-box --><\/a>[\/vc_column_inner][vc_column_inner width=&#8221;1\/3&#8243;]<a aria-label=\"Requisitos para matricularse\" class=\"porto-sicon-box-link\" href=\"\/bahiablanca\/wp-content\/uploads\/2022\/09\/Requisitos-para-matricularse.pdf\"><div class=\"porto-sicon-box  wpb_custom_1efe903570d178ff0a9b7bfa5febd3a4 style_1 default-icon\"><div class=\"porto-sicon-default\"><div class=\"porto-just-icon-wrapper porto-sicon-img  porto-icon-9f5d1cfb45d27d96b50bf473aebba227 porto-u-square\" style=\"font-size: 30px;\"><img decoding=\"async\" class=\"img-icon\" alt=\"\" src=\"https:\/\/www.traductorespba.org\/bahiablanca\/wp-content\/uploads\/2022\/09\/hoja.png\" width=\"314\" height=\"389\" \/><\/div><\/div><div class=\"porto-sicon-header\"><h3 class=\"porto-sicon-title\" style=\"\">Requisitos para matricularse<\/h3><\/div> <!-- header --><\/div><!-- porto-sicon-box --><\/a>[\/vc_column_inner][vc_column_inner width=&#8221;1\/3&#8243;]<a aria-label=\"Reglamento de Matriculaci\u00f3n\" class=\"porto-sicon-box-link\" href=\"\/bahiablanca\/wp-content\/uploads\/2022\/09\/Reglamento-de-Matriculacion.pdf\"><div class=\"porto-sicon-box  wpb_custom_1efe903570d178ff0a9b7bfa5febd3a4 style_1 default-icon\"><div class=\"porto-sicon-default\"><div class=\"porto-just-icon-wrapper porto-sicon-img  porto-icon-9f5d1cfb45d27d96b50bf473aebba227 porto-u-square\" style=\"font-size: 30px;\"><img decoding=\"async\" class=\"img-icon\" alt=\"\" src=\"https:\/\/www.traductorespba.org\/bahiablanca\/wp-content\/uploads\/2022\/09\/hoja.png\" width=\"314\" height=\"389\" \/><\/div><\/div><div class=\"porto-sicon-header\"><h3 class=\"porto-sicon-title\" style=\"\">Reglamento de Matriculaci\u00f3n<\/h3><\/div> <!-- header --><\/div><!-- porto-sicon-box --><\/a>[\/vc_column_inner][\/vc_row_inner][\/vc_column][\/vc_row][vc_row][vc_column][vc_column_text]Asimismo, debe abonar los derechos de matr\u00edcula y cuota anual, ajust\u00e1ndose a los montos vigentes.<\/p>\n<p>Una vez aprobado el tr\u00e1mite por el Consejo Directivo, se convocar\u00e1 al traductor a prestar juramento profesional. La ceremonia de jura suele preverse para el \u00faltimo viernes de cada mes, pero puede haber modificaciones en funci\u00f3n de situaciones especiales. Una vez que el traductor haya jurado, podr\u00e1 ejercer su actividad profesional.<\/p>\n<p>Se entregar\u00e1n credenciales.[\/vc_column_text][\/vc_column][\/vc_row][vc_row][vc_column][vc_custom_heading text=&#8221;Aranceles: matr\u00edcula y cuota anual&#8221; font_container=&#8221;tag:h2|text_align:left|color:%2309b0a8&#8243; use_theme_fonts=&#8221;yes&#8221;][\/vc_column][\/vc_row][vc_row][vc_column][vc_column_text]<\/p>\n<h3><\/h3>\n<table>\n<tbody>\n<tr>\n<td width=\"283\"><strong>Matr\u00edcula 2025 <\/strong><\/p>\n<p><strong>$ 80.000,00 <\/strong><\/p>\n<p>Se abona por \u00fanica vez al registrar firma y sello.<\/p>\n<p><strong>\u00a0<\/strong><\/td>\n<td width=\"283\"><strong>Cuota anual 2025 hasta el 31\/07\/2025<br \/>\n<\/strong>$80.000,00 o 4 cuotas de $20.000,00<strong><br \/>\n<\/strong><\/td>\n<\/tr>\n<\/tbody>\n<\/table>\n<p>&nbsp;<\/p>\n<ul>\n<li>Los nuevos matriculados graduados dentro de los \u00faltimos dos a\u00f1os abonan el total de la matr\u00edcula y el 50% de la cuota anual vigente.<\/li>\n<li>Al matricularse en el cuarto trimestre del a\u00f1o, solo se abona el 25 % de la cuota anual vigente.<\/li>\n<li>Cuando se desee trabajar como TP en cualquiera de los otros tres Colegios Regionales (San Isidro, Mor\u00f3n y La Plata), se deber\u00e1 proceder al registro de la firma y el sello en el Colegio Regional que corresponda. Costo del tr\u00e1mite: $15.000,00.<\/li>\n<\/ul>\n<p>[\/vc_column_text][\/vc_column][\/vc_row]<\/p>\n","protected":false},"excerpt":{"rendered":"<p>[vc_row][vc_column][vc_column_text]Para realizar la inscripci\u00f3n en la matr\u00edcula del Colegio Regional Bah\u00eda Blanca, el traductor debe presentarse personalmente en nuestra sede con la siguiente documentaci\u00f3n:[\/vc_column_text][\/vc_column][\/vc_row][vc_row el_class=&#8221;seccion-normativa&#8221;][vc_column][vc_row_inner][vc_column_inner width=&#8221;1\/3&#8243;][\/vc_column_inner][vc_column_inner width=&#8221;1\/3&#8243;][\/vc_column_inner][vc_column_inner width=&#8221;1\/3&#8243;][\/vc_column_inner][\/vc_row_inner][\/vc_column][\/vc_row][vc_row][vc_column][vc_column_text]Tambi\u00e9n deber\u00e1 descargar, completar y entregar, junto con la documentaci\u00f3n anterior, los siguientes formularios:[\/vc_column_text][\/vc_column][\/vc_row][vc_row el_class=&#8221;seccion-normativa&#8221;][vc_column][vc_row_inner][vc_column_inner width=&#8221;1\/2&#8243;][\/vc_column_inner][vc_column_inner width=&#8221;1\/2&#8243;][\/vc_column_inner][\/vc_row_inner][\/vc_column][\/vc_row][vc_row][vc_column][vc_column_text]A continuaci\u00f3n, podr\u00e1 descargar la ficha de Registro de Firma y Sello [&hellip;]<\/p>\n","protected":false},"author":1,"featured_media":0,"parent":0,"menu_order":0,"comment_status":"closed","ping_status":"closed","template":"","meta":{"footnotes":""},"class_list":["post-493","page","type-page","status-publish","hentry"],"yoast_head":"<!-- This site is optimized with the Yoast SEO plugin v27.3 - https:\/\/yoast.com\/product\/yoast-seo-wordpress\/ -->\n<title>Requisitos - COLEGIO DE TRADUCTORES P\u00daBLICOS DE LA PROVINCIA DE BUENOS AIRES \u2013 REGIONAL BAH\u00cdA BLANCA<\/title>\n<meta name=\"robots\" content=\"index, follow, max-snippet:-1, max-image-preview:large, max-video-preview:-1\" \/>\n<link rel=\"canonical\" href=\"https:\/\/www.traductorespba.org\/bahiablanca\/requisitos\/\" \/>\n<meta property=\"og:locale\" content=\"es_ES\" \/>\n<meta property=\"og:type\" content=\"article\" \/>\n<meta property=\"og:title\" content=\"Requisitos - COLEGIO DE TRADUCTORES P\u00daBLICOS DE LA PROVINCIA DE BUENOS AIRES \u2013 REGIONAL BAH\u00cdA BLANCA\" \/>\n<meta property=\"og:description\" content=\"[vc_row][vc_column][vc_column_text]Para realizar la inscripci\u00f3n en la matr\u00edcula del Colegio Regional Bah\u00eda Blanca, el traductor debe presentarse personalmente en nuestra sede con la siguiente documentaci\u00f3n:[\/vc_column_text][\/vc_column][\/vc_row][vc_row el_class=&#8221;seccion-normativa&#8221;][vc_column][vc_row_inner][vc_column_inner width=&#8221;1\/3&#8243;][\/vc_column_inner][vc_column_inner width=&#8221;1\/3&#8243;][\/vc_column_inner][vc_column_inner width=&#8221;1\/3&#8243;][\/vc_column_inner][\/vc_row_inner][\/vc_column][\/vc_row][vc_row][vc_column][vc_column_text]Tambi\u00e9n deber\u00e1 descargar, completar y entregar, junto con la documentaci\u00f3n anterior, los siguientes formularios:[\/vc_column_text][\/vc_column][\/vc_row][vc_row el_class=&#8221;seccion-normativa&#8221;][vc_column][vc_row_inner][vc_column_inner width=&#8221;1\/2&#8243;][\/vc_column_inner][vc_column_inner width=&#8221;1\/2&#8243;][\/vc_column_inner][\/vc_row_inner][\/vc_column][\/vc_row][vc_row][vc_column][vc_column_text]A continuaci\u00f3n, podr\u00e1 descargar la ficha de Registro de Firma y Sello [&hellip;]\" \/>\n<meta property=\"og:url\" content=\"https:\/\/www.traductorespba.org\/bahiablanca\/requisitos\/\" \/>\n<meta property=\"og:site_name\" content=\"COLEGIO DE TRADUCTORES P\u00daBLICOS DE LA PROVINCIA DE BUENOS AIRES \u2013 REGIONAL BAH\u00cdA BLANCA\" \/>\n<meta property=\"article:modified_time\" content=\"2025-04-15T16:58:09+00:00\" \/>\n<meta name=\"twitter:card\" content=\"summary_large_image\" \/>\n<meta name=\"twitter:label1\" content=\"Tiempo de lectura\" \/>\n\t<meta name=\"twitter:data1\" content=\"2 minutos\" \/>\n<script type=\"application\/ld+json\" class=\"yoast-schema-graph\">{\"@context\":\"https:\\\/\\\/schema.org\",\"@graph\":[{\"@type\":\"WebPage\",\"@id\":\"https:\\\/\\\/www.traductorespba.org\\\/bahiablanca\\\/requisitos\\\/\",\"url\":\"https:\\\/\\\/www.traductorespba.org\\\/bahiablanca\\\/requisitos\\\/\",\"name\":\"Requisitos - COLEGIO DE TRADUCTORES P\u00daBLICOS DE LA PROVINCIA DE BUENOS AIRES \u2013 REGIONAL BAH\u00cdA BLANCA\",\"isPartOf\":{\"@id\":\"https:\\\/\\\/www.traductorespba.org\\\/bahiablanca\\\/#website\"},\"datePublished\":\"2022-09-06T04:55:33+00:00\",\"dateModified\":\"2025-04-15T16:58:09+00:00\",\"breadcrumb\":{\"@id\":\"https:\\\/\\\/www.traductorespba.org\\\/bahiablanca\\\/requisitos\\\/#breadcrumb\"},\"inLanguage\":\"es-AR\",\"potentialAction\":[{\"@type\":\"ReadAction\",\"target\":[\"https:\\\/\\\/www.traductorespba.org\\\/bahiablanca\\\/requisitos\\\/\"]}]},{\"@type\":\"BreadcrumbList\",\"@id\":\"https:\\\/\\\/www.traductorespba.org\\\/bahiablanca\\\/requisitos\\\/#breadcrumb\",\"itemListElement\":[{\"@type\":\"ListItem\",\"position\":1,\"name\":\"Inicio\",\"item\":\"https:\\\/\\\/www.traductorespba.org\\\/bahiablanca\\\/\"},{\"@type\":\"ListItem\",\"position\":2,\"name\":\"Requisitos\"}]},{\"@type\":\"WebSite\",\"@id\":\"https:\\\/\\\/www.traductorespba.org\\\/bahiablanca\\\/#website\",\"url\":\"https:\\\/\\\/www.traductorespba.org\\\/bahiablanca\\\/\",\"name\":\"COLEGIO DE TRADUCTORES P\u00daBLICOS DE LA PROVINCIA DE BUENOS AIRES \u2013 REGIONAL BAH\u00cdA BLANCA\",\"description\":\"\",\"potentialAction\":[{\"@type\":\"SearchAction\",\"target\":{\"@type\":\"EntryPoint\",\"urlTemplate\":\"https:\\\/\\\/www.traductorespba.org\\\/bahiablanca\\\/?s={search_term_string}\"},\"query-input\":{\"@type\":\"PropertyValueSpecification\",\"valueRequired\":true,\"valueName\":\"search_term_string\"}}],\"inLanguage\":\"es-AR\"}]}<\/script>\n<!-- \/ Yoast SEO plugin. -->","yoast_head_json":{"title":"Requisitos - COLEGIO DE TRADUCTORES P\u00daBLICOS DE LA PROVINCIA DE BUENOS AIRES \u2013 REGIONAL BAH\u00cdA BLANCA","robots":{"index":"index","follow":"follow","max-snippet":"max-snippet:-1","max-image-preview":"max-image-preview:large","max-video-preview":"max-video-preview:-1"},"canonical":"https:\/\/www.traductorespba.org\/bahiablanca\/requisitos\/","og_locale":"es_ES","og_type":"article","og_title":"Requisitos - COLEGIO DE TRADUCTORES P\u00daBLICOS DE LA PROVINCIA DE BUENOS AIRES \u2013 REGIONAL BAH\u00cdA BLANCA","og_description":"[vc_row][vc_column][vc_column_text]Para realizar la inscripci\u00f3n en la matr\u00edcula del Colegio Regional Bah\u00eda Blanca, el traductor debe presentarse personalmente en nuestra sede con la siguiente documentaci\u00f3n:[\/vc_column_text][\/vc_column][\/vc_row][vc_row el_class=&#8221;seccion-normativa&#8221;][vc_column][vc_row_inner][vc_column_inner width=&#8221;1\/3&#8243;][\/vc_column_inner][vc_column_inner width=&#8221;1\/3&#8243;][\/vc_column_inner][vc_column_inner width=&#8221;1\/3&#8243;][\/vc_column_inner][\/vc_row_inner][\/vc_column][\/vc_row][vc_row][vc_column][vc_column_text]Tambi\u00e9n deber\u00e1 descargar, completar y entregar, junto con la documentaci\u00f3n anterior, los siguientes formularios:[\/vc_column_text][\/vc_column][\/vc_row][vc_row el_class=&#8221;seccion-normativa&#8221;][vc_column][vc_row_inner][vc_column_inner width=&#8221;1\/2&#8243;][\/vc_column_inner][vc_column_inner width=&#8221;1\/2&#8243;][\/vc_column_inner][\/vc_row_inner][\/vc_column][\/vc_row][vc_row][vc_column][vc_column_text]A continuaci\u00f3n, podr\u00e1 descargar la ficha de Registro de Firma y Sello [&hellip;]","og_url":"https:\/\/www.traductorespba.org\/bahiablanca\/requisitos\/","og_site_name":"COLEGIO DE TRADUCTORES P\u00daBLICOS DE LA PROVINCIA DE BUENOS AIRES \u2013 REGIONAL BAH\u00cdA BLANCA","article_modified_time":"2025-04-15T16:58:09+00:00","twitter_card":"summary_large_image","twitter_misc":{"Tiempo de lectura":"2 minutos"},"schema":{"@context":"https:\/\/schema.org","@graph":[{"@type":"WebPage","@id":"https:\/\/www.traductorespba.org\/bahiablanca\/requisitos\/","url":"https:\/\/www.traductorespba.org\/bahiablanca\/requisitos\/","name":"Requisitos - COLEGIO DE TRADUCTORES P\u00daBLICOS DE LA PROVINCIA DE BUENOS AIRES \u2013 REGIONAL BAH\u00cdA BLANCA","isPartOf":{"@id":"https:\/\/www.traductorespba.org\/bahiablanca\/#website"},"datePublished":"2022-09-06T04:55:33+00:00","dateModified":"2025-04-15T16:58:09+00:00","breadcrumb":{"@id":"https:\/\/www.traductorespba.org\/bahiablanca\/requisitos\/#breadcrumb"},"inLanguage":"es-AR","potentialAction":[{"@type":"ReadAction","target":["https:\/\/www.traductorespba.org\/bahiablanca\/requisitos\/"]}]},{"@type":"BreadcrumbList","@id":"https:\/\/www.traductorespba.org\/bahiablanca\/requisitos\/#breadcrumb","itemListElement":[{"@type":"ListItem","position":1,"name":"Inicio","item":"https:\/\/www.traductorespba.org\/bahiablanca\/"},{"@type":"ListItem","position":2,"name":"Requisitos"}]},{"@type":"WebSite","@id":"https:\/\/www.traductorespba.org\/bahiablanca\/#website","url":"https:\/\/www.traductorespba.org\/bahiablanca\/","name":"COLEGIO DE TRADUCTORES P\u00daBLICOS DE LA PROVINCIA DE BUENOS AIRES \u2013 REGIONAL BAH\u00cdA BLANCA","description":"","potentialAction":[{"@type":"SearchAction","target":{"@type":"EntryPoint","urlTemplate":"https:\/\/www.traductorespba.org\/bahiablanca\/?s={search_term_string}"},"query-input":{"@type":"PropertyValueSpecification","valueRequired":true,"valueName":"search_term_string"}}],"inLanguage":"es-AR"}]}},"_links":{"self":[{"href":"https:\/\/www.traductorespba.org\/bahiablanca\/wp-json\/wp\/v2\/pages\/493","targetHints":{"allow":["GET"]}}],"collection":[{"href":"https:\/\/www.traductorespba.org\/bahiablanca\/wp-json\/wp\/v2\/pages"}],"about":[{"href":"https:\/\/www.traductorespba.org\/bahiablanca\/wp-json\/wp\/v2\/types\/page"}],"author":[{"embeddable":true,"href":"https:\/\/www.traductorespba.org\/bahiablanca\/wp-json\/wp\/v2\/users\/1"}],"replies":[{"embeddable":true,"href":"https:\/\/www.traductorespba.org\/bahiablanca\/wp-json\/wp\/v2\/comments?post=493"}],"version-history":[{"count":45,"href":"https:\/\/www.traductorespba.org\/bahiablanca\/wp-json\/wp\/v2\/pages\/493\/revisions"}],"predecessor-version":[{"id":1478,"href":"https:\/\/www.traductorespba.org\/bahiablanca\/wp-json\/wp\/v2\/pages\/493\/revisions\/1478"}],"wp:attachment":[{"href":"https:\/\/www.traductorespba.org\/bahiablanca\/wp-json\/wp\/v2\/media?parent=493"}],"curies":[{"name":"wp","href":"https:\/\/api.w.org\/{rel}","templated":true}]}}