{"id":843,"date":"2022-09-21T22:26:31","date_gmt":"2022-09-22T01:26:31","guid":{"rendered":"https:\/\/traductores.centzon.com.ar\/?page_id=843"},"modified":"2023-11-02T12:48:11","modified_gmt":"2023-11-02T15:48:11","slug":"cursos-y-capacitaciones","status":"publish","type":"page","link":"https:\/\/www.traductorespba.org\/bahiablanca\/cursos-y-capacitaciones\/","title":{"rendered":"Capacitaci\u00f3n"},"content":{"rendered":"<p>[vc_row][vc_column][vc_column_text]En esta secci\u00f3n encontrar\u00e1s los cursos, seminarios y talleres que ofrece el Colegio de Traductores P\u00fablicos e Int\u00e9rpretes de la Provincia de Buenos Aires (en sus distintos colegios regionales), en modalidad presencial o virtual, y cursos que ofrecen otras instituciones.<\/p>\n<p>Para m\u00e1s informaci\u00f3n sobre los cursos que ofrecen los colegios regionales, hacer clic en:[\/vc_column_text][\/vc_column][\/vc_row][vc_row][vc_column width=&#8221;1\/3&#8243;]<a aria-label=\"Colegio Regional La Plata\" class=\"porto-sicon-box-link\" href=\"https:\/\/traductoreslaplata.org\/cursos-y-capacitaciones\/\" target='_blank'><div class=\"porto-sicon-box  wpb_custom_1efe903570d178ff0a9b7bfa5febd3a4 style_1 default-icon\"><div class=\"porto-sicon-default\"><div class=\"porto-just-icon-wrapper porto-sicon-img  porto-icon-9f5d1cfb45d27d96b50bf473aebba227\" style=\"font-size: 48px;\"><img loading=\"lazy\" decoding=\"async\" class=\"img-icon\" alt=\"\" src=\"https:\/\/www.traductorespba.org\/bahiablanca\/wp-content\/uploads\/2022\/09\/legalizaciones.png\" width=\"512\" height=\"512\" \/><\/div><\/div><div class=\"porto-sicon-header\"><h3 class=\"porto-sicon-title\" style=\"\">Colegio Regional La Plata<\/h3><\/div> <!-- header --><\/div><!-- porto-sicon-box --><\/a>[\/vc_column][vc_column width=&#8221;1\/3&#8243;]<a aria-label=\"Colegio Regional Mor\u00f3n\" class=\"porto-sicon-box-link\" href=\"https:\/\/traductoresmoron.org\/index.php\/cursos\/\" target='_blank'><div class=\"porto-sicon-box  wpb_custom_1efe903570d178ff0a9b7bfa5febd3a4 style_1 default-icon\"><div class=\"porto-sicon-default\"><div class=\"porto-just-icon-wrapper porto-sicon-img  porto-icon-9f5d1cfb45d27d96b50bf473aebba227\" style=\"font-size: 48px;\"><img loading=\"lazy\" decoding=\"async\" class=\"img-icon\" alt=\"\" src=\"https:\/\/www.traductorespba.org\/bahiablanca\/wp-content\/uploads\/2022\/09\/legalizaciones.png\" width=\"512\" height=\"512\" \/><\/div><\/div><div class=\"porto-sicon-header\"><h3 class=\"porto-sicon-title\" style=\"\">Colegio Regional Mor\u00f3n<\/h3><\/div> <!-- header --><\/div><!-- porto-sicon-box --><\/a>[\/vc_column][vc_column width=&#8221;1\/3&#8243;]<a aria-label=\"Colegio Regional San Isidro\" class=\"porto-sicon-box-link\" href=\"https:\/\/traductoreslaplata.org\/cursos-y-capacitaciones\/https:\/\/sanisidro.traductorespba.org.ar\/menu\/cursos-y-talleres\/\" target='_blank'><div class=\"porto-sicon-box  wpb_custom_1efe903570d178ff0a9b7bfa5febd3a4 style_1 default-icon\"><div class=\"porto-sicon-default\"><div class=\"porto-just-icon-wrapper porto-sicon-img  porto-icon-9f5d1cfb45d27d96b50bf473aebba227\" style=\"font-size: 48px;\"><img loading=\"lazy\" decoding=\"async\" class=\"img-icon\" alt=\"\" src=\"https:\/\/www.traductorespba.org\/bahiablanca\/wp-content\/uploads\/2022\/09\/legalizaciones.png\" width=\"512\" height=\"512\" \/><\/div><\/div><div class=\"porto-sicon-header\"><h3 class=\"porto-sicon-title\" style=\"\">Colegio Regional San Isidro<\/h3><\/div> <!-- header --><\/div><!-- porto-sicon-box --><\/a>[\/vc_column][\/vc_row][vc_row][vc_column][vc_custom_heading text=&#8221;Especializaciones en traducci\u00f3n&#8221; font_container=&#8221;tag:h2|text_align:left|color:%2309b0a8&#8243; use_theme_fonts=&#8221;yes&#8221; css=&#8221;.vc_custom_1667752287904{margin-top: 40px !important;}&#8221;][\/vc_column][\/vc_row][vc_row][vc_column][vc_column_text]Facultad de Lenguas, Universidad Nacional de C\u00f3rdoba<br \/>\nEspecializaci\u00f3n en traducci\u00f3n cient\u00edfica y t\u00e9cnica<br \/>\nEspecializaci\u00f3n en traducci\u00f3n jur\u00eddica y econ\u00f3mica<br \/>\nEspecializaci\u00f3n en interpretaci\u00f3n[\/vc_column_text]<div class=\"porto-btn-ctn-left \"><a class=\"porto-btn porto-adjust-bottom-margin porto-btn-normal porto-btn-no-hover-bg   wpb_custom_fa51088c2567b780100c1edcf8821d3b  porto-btn-left \"  rel='' href = \"https:\/\/www.lenguas.unc.edu.ar\/estudios-de-posgrado\/especializaciones-en-traduccion\" target='_blank' data-hover=\"\" data-border-color=\"\" data-bg=\"#0ab0a8\" data-hover-bg=\"\" data-border-hover=\"\" data-shadow-click=\"none\" data-shadow=\"\" style=\"border:none;background: #0ab0a8;color: #ffffff;\"><span class=\"porto-btn-hover\"><\/span><span class=\"porto-btn-data porto-btn-text \" >M\u00e1s informaci\u00f3n<\/span><\/a><\/div>[\/vc_column][\/vc_row][vc_row][vc_column][vc_custom_heading text=&#8221;Maestr\u00eda en Ling\u00fc\u00edstica&#8221; font_container=&#8221;tag:h2|text_align:left|color:%2309b0a8&#8243; use_theme_fonts=&#8221;yes&#8221; css=&#8221;.vc_custom_1667752832341{margin-top: 40px !important;}&#8221;][\/vc_column][\/vc_row][vc_row][vc_column][vc_column_text]Facultad de Humanidades y Ciencias de la Educaci\u00f3n, Universidad Nacional de La Plata[\/vc_column_text]<div class=\"porto-btn-ctn-left \"><a class=\"porto-btn porto-adjust-bottom-margin porto-btn-normal porto-btn-no-hover-bg   wpb_custom_fa51088c2567b780100c1edcf8821d3b  porto-btn-left \"  rel='' href = \"https:\/\/www.fahce.unlp.edu.ar\/facultad\/secretarias-y-prosecretarias\/posgrado\/maestria\/maestria-en-linguistica\" target='_blank' data-hover=\"\" data-border-color=\"\" data-bg=\"#0ab0a8\" data-hover-bg=\"\" data-border-hover=\"\" data-shadow-click=\"none\" data-shadow=\"\" style=\"border:none;background: #0ab0a8;color: #ffffff;\"><span class=\"porto-btn-hover\"><\/span><span class=\"porto-btn-data porto-btn-text \" >M\u00e1s informaci\u00f3n<\/span><\/a><\/div>[\/vc_column][\/vc_row]<\/p>\n","protected":false},"excerpt":{"rendered":"<p>[vc_row][vc_column][vc_column_text]En esta secci\u00f3n encontrar\u00e1s los cursos, seminarios y talleres que ofrece el Colegio de Traductores P\u00fablicos e Int\u00e9rpretes de la Provincia de Buenos Aires (en sus distintos colegios regionales), en modalidad presencial o virtual, y cursos que ofrecen otras instituciones. Para m\u00e1s informaci\u00f3n sobre los cursos que ofrecen los colegios regionales, hacer clic en:[\/vc_column_text][\/vc_column][\/vc_row][vc_row][vc_column width=&#8221;1\/3&#8243;][\/vc_column][vc_column [&hellip;]<\/p>\n","protected":false},"author":1,"featured_media":0,"parent":0,"menu_order":0,"comment_status":"closed","ping_status":"closed","template":"","meta":{"footnotes":""},"class_list":["post-843","page","type-page","status-publish","hentry"],"yoast_head":"<!-- This site is optimized with the Yoast SEO plugin v27.3 - https:\/\/yoast.com\/product\/yoast-seo-wordpress\/ -->\n<title>Capacitaci\u00f3n - COLEGIO DE TRADUCTORES P\u00daBLICOS DE LA PROVINCIA DE BUENOS AIRES \u2013 REGIONAL BAH\u00cdA BLANCA %<\/title>\n<meta name=\"robots\" content=\"index, follow, max-snippet:-1, max-image-preview:large, max-video-preview:-1\" \/>\n<link rel=\"canonical\" href=\"https:\/\/www.traductorespba.org\/bahiablanca\/cursos-y-capacitaciones\/\" \/>\n<meta property=\"og:locale\" content=\"es_ES\" \/>\n<meta property=\"og:type\" content=\"article\" \/>\n<meta property=\"og:title\" content=\"Capacitaci\u00f3n - COLEGIO DE TRADUCTORES P\u00daBLICOS DE LA PROVINCIA DE BUENOS AIRES \u2013 REGIONAL BAH\u00cdA BLANCA %\" \/>\n<meta property=\"og:description\" content=\"[vc_row][vc_column][vc_column_text]En esta secci\u00f3n encontrar\u00e1s los cursos, seminarios y talleres que ofrece el Colegio de Traductores P\u00fablicos e Int\u00e9rpretes de la Provincia de Buenos Aires (en sus distintos colegios regionales), en modalidad presencial o virtual, y cursos que ofrecen otras instituciones. Para m\u00e1s informaci\u00f3n sobre los cursos que ofrecen los colegios regionales, hacer clic en:[\/vc_column_text][\/vc_column][\/vc_row][vc_row][vc_column width=&#8221;1\/3&#8243;][\/vc_column][vc_column [&hellip;]\" \/>\n<meta property=\"og:url\" content=\"https:\/\/www.traductorespba.org\/bahiablanca\/cursos-y-capacitaciones\/\" \/>\n<meta property=\"og:site_name\" content=\"COLEGIO DE TRADUCTORES P\u00daBLICOS DE LA PROVINCIA DE BUENOS AIRES \u2013 REGIONAL BAH\u00cdA BLANCA\" \/>\n<meta property=\"article:modified_time\" content=\"2023-11-02T15:48:11+00:00\" \/>\n<meta name=\"twitter:card\" content=\"summary_large_image\" \/>\n<meta name=\"twitter:label1\" content=\"Tiempo de lectura\" \/>\n\t<meta name=\"twitter:data1\" content=\"1 minuto\" \/>\n<script type=\"application\/ld+json\" class=\"yoast-schema-graph\">{\"@context\":\"https:\\\/\\\/schema.org\",\"@graph\":[{\"@type\":\"WebPage\",\"@id\":\"https:\\\/\\\/www.traductorespba.org\\\/bahiablanca\\\/cursos-y-capacitaciones\\\/\",\"url\":\"https:\\\/\\\/www.traductorespba.org\\\/bahiablanca\\\/cursos-y-capacitaciones\\\/\",\"name\":\"Capacitaci\u00f3n - COLEGIO DE TRADUCTORES P\u00daBLICOS DE LA PROVINCIA DE BUENOS AIRES \u2013 REGIONAL BAH\u00cdA BLANCA %\",\"isPartOf\":{\"@id\":\"https:\\\/\\\/www.traductorespba.org\\\/bahiablanca\\\/#website\"},\"datePublished\":\"2022-09-22T01:26:31+00:00\",\"dateModified\":\"2023-11-02T15:48:11+00:00\",\"breadcrumb\":{\"@id\":\"https:\\\/\\\/www.traductorespba.org\\\/bahiablanca\\\/cursos-y-capacitaciones\\\/#breadcrumb\"},\"inLanguage\":\"es-AR\",\"potentialAction\":[{\"@type\":\"ReadAction\",\"target\":[\"https:\\\/\\\/www.traductorespba.org\\\/bahiablanca\\\/cursos-y-capacitaciones\\\/\"]}]},{\"@type\":\"BreadcrumbList\",\"@id\":\"https:\\\/\\\/www.traductorespba.org\\\/bahiablanca\\\/cursos-y-capacitaciones\\\/#breadcrumb\",\"itemListElement\":[{\"@type\":\"ListItem\",\"position\":1,\"name\":\"Inicio\",\"item\":\"https:\\\/\\\/www.traductorespba.org\\\/bahiablanca\\\/\"},{\"@type\":\"ListItem\",\"position\":2,\"name\":\"Capacitaci\u00f3n\"}]},{\"@type\":\"WebSite\",\"@id\":\"https:\\\/\\\/www.traductorespba.org\\\/bahiablanca\\\/#website\",\"url\":\"https:\\\/\\\/www.traductorespba.org\\\/bahiablanca\\\/\",\"name\":\"COLEGIO DE TRADUCTORES P\u00daBLICOS DE LA PROVINCIA DE BUENOS AIRES \u2013 REGIONAL BAH\u00cdA BLANCA\",\"description\":\"\",\"potentialAction\":[{\"@type\":\"SearchAction\",\"target\":{\"@type\":\"EntryPoint\",\"urlTemplate\":\"https:\\\/\\\/www.traductorespba.org\\\/bahiablanca\\\/?s={search_term_string}\"},\"query-input\":{\"@type\":\"PropertyValueSpecification\",\"valueRequired\":true,\"valueName\":\"search_term_string\"}}],\"inLanguage\":\"es-AR\"}]}<\/script>\n<!-- \/ Yoast SEO plugin. -->","yoast_head_json":{"title":"Capacitaci\u00f3n - COLEGIO DE TRADUCTORES P\u00daBLICOS DE LA PROVINCIA DE BUENOS AIRES \u2013 REGIONAL BAH\u00cdA BLANCA %","robots":{"index":"index","follow":"follow","max-snippet":"max-snippet:-1","max-image-preview":"max-image-preview:large","max-video-preview":"max-video-preview:-1"},"canonical":"https:\/\/www.traductorespba.org\/bahiablanca\/cursos-y-capacitaciones\/","og_locale":"es_ES","og_type":"article","og_title":"Capacitaci\u00f3n - COLEGIO DE TRADUCTORES P\u00daBLICOS DE LA PROVINCIA DE BUENOS AIRES \u2013 REGIONAL BAH\u00cdA BLANCA %","og_description":"[vc_row][vc_column][vc_column_text]En esta secci\u00f3n encontrar\u00e1s los cursos, seminarios y talleres que ofrece el Colegio de Traductores P\u00fablicos e Int\u00e9rpretes de la Provincia de Buenos Aires (en sus distintos colegios regionales), en modalidad presencial o virtual, y cursos que ofrecen otras instituciones. Para m\u00e1s informaci\u00f3n sobre los cursos que ofrecen los colegios regionales, hacer clic en:[\/vc_column_text][\/vc_column][\/vc_row][vc_row][vc_column width=&#8221;1\/3&#8243;][\/vc_column][vc_column [&hellip;]","og_url":"https:\/\/www.traductorespba.org\/bahiablanca\/cursos-y-capacitaciones\/","og_site_name":"COLEGIO DE TRADUCTORES P\u00daBLICOS DE LA PROVINCIA DE BUENOS AIRES \u2013 REGIONAL BAH\u00cdA BLANCA","article_modified_time":"2023-11-02T15:48:11+00:00","twitter_card":"summary_large_image","twitter_misc":{"Tiempo de lectura":"1 minuto"},"schema":{"@context":"https:\/\/schema.org","@graph":[{"@type":"WebPage","@id":"https:\/\/www.traductorespba.org\/bahiablanca\/cursos-y-capacitaciones\/","url":"https:\/\/www.traductorespba.org\/bahiablanca\/cursos-y-capacitaciones\/","name":"Capacitaci\u00f3n - COLEGIO DE TRADUCTORES P\u00daBLICOS DE LA PROVINCIA DE BUENOS AIRES \u2013 REGIONAL BAH\u00cdA BLANCA %","isPartOf":{"@id":"https:\/\/www.traductorespba.org\/bahiablanca\/#website"},"datePublished":"2022-09-22T01:26:31+00:00","dateModified":"2023-11-02T15:48:11+00:00","breadcrumb":{"@id":"https:\/\/www.traductorespba.org\/bahiablanca\/cursos-y-capacitaciones\/#breadcrumb"},"inLanguage":"es-AR","potentialAction":[{"@type":"ReadAction","target":["https:\/\/www.traductorespba.org\/bahiablanca\/cursos-y-capacitaciones\/"]}]},{"@type":"BreadcrumbList","@id":"https:\/\/www.traductorespba.org\/bahiablanca\/cursos-y-capacitaciones\/#breadcrumb","itemListElement":[{"@type":"ListItem","position":1,"name":"Inicio","item":"https:\/\/www.traductorespba.org\/bahiablanca\/"},{"@type":"ListItem","position":2,"name":"Capacitaci\u00f3n"}]},{"@type":"WebSite","@id":"https:\/\/www.traductorespba.org\/bahiablanca\/#website","url":"https:\/\/www.traductorespba.org\/bahiablanca\/","name":"COLEGIO DE TRADUCTORES P\u00daBLICOS DE LA PROVINCIA DE BUENOS AIRES \u2013 REGIONAL BAH\u00cdA BLANCA","description":"","potentialAction":[{"@type":"SearchAction","target":{"@type":"EntryPoint","urlTemplate":"https:\/\/www.traductorespba.org\/bahiablanca\/?s={search_term_string}"},"query-input":{"@type":"PropertyValueSpecification","valueRequired":true,"valueName":"search_term_string"}}],"inLanguage":"es-AR"}]}},"_links":{"self":[{"href":"https:\/\/www.traductorespba.org\/bahiablanca\/wp-json\/wp\/v2\/pages\/843","targetHints":{"allow":["GET"]}}],"collection":[{"href":"https:\/\/www.traductorespba.org\/bahiablanca\/wp-json\/wp\/v2\/pages"}],"about":[{"href":"https:\/\/www.traductorespba.org\/bahiablanca\/wp-json\/wp\/v2\/types\/page"}],"author":[{"embeddable":true,"href":"https:\/\/www.traductorespba.org\/bahiablanca\/wp-json\/wp\/v2\/users\/1"}],"replies":[{"embeddable":true,"href":"https:\/\/www.traductorespba.org\/bahiablanca\/wp-json\/wp\/v2\/comments?post=843"}],"version-history":[{"count":27,"href":"https:\/\/www.traductorespba.org\/bahiablanca\/wp-json\/wp\/v2\/pages\/843\/revisions"}],"predecessor-version":[{"id":1206,"href":"https:\/\/www.traductorespba.org\/bahiablanca\/wp-json\/wp\/v2\/pages\/843\/revisions\/1206"}],"wp:attachment":[{"href":"https:\/\/www.traductorespba.org\/bahiablanca\/wp-json\/wp\/v2\/media?parent=843"}],"curies":[{"name":"wp","href":"https:\/\/api.w.org\/{rel}","templated":true}]}}