{"id":947,"date":"2022-11-07T18:24:42","date_gmt":"2022-11-07T21:24:42","guid":{"rendered":"https:\/\/www.traductorespba.org\/bahiablanca\/?page_id=947"},"modified":"2022-11-07T18:42:20","modified_gmt":"2022-11-07T21:42:20","slug":"beneficios","status":"publish","type":"page","link":"https:\/\/www.traductorespba.org\/bahiablanca\/beneficios\/","title":{"rendered":"Beneficios"},"content":{"rendered":"<p>[vc_row][vc_column][vc_column_text]\u00bfQu\u00e9 beneficios tiene matricularse en el Colegio Regional Bah\u00eda Blanca? Adem\u00e1s de contar con acompa\u00f1amiento y asesoramiento en el plano laboral, posibilidad de legalizar en papel y de manera digital, biblioteca, etc. contamos con beneficios en las siguientes empresas.[\/vc_column_text][\/vc_column][\/vc_row][vc_row][vc_column][vc_accordion active_tab=&#8221;1&#8243; type=&#8221;panel-modern&#8221;][vc_accordion_tab title=&#8221;Bienestar y Salud&#8221;]<a aria-label=\"Gimnasio Curves\" class=\"porto-sicon-box-link\" href=\"https:\/\/www.facebook.com\/curvesbahiablanca\/\" target='_blank'><div class=\"porto-sicon-box  wpb_custom_1efe903570d178ff0a9b7bfa5febd3a4 style_1 default-icon\"><div class=\"porto-sicon-default\"><div class=\"porto-just-icon-wrapper porto-icon none\" style=\"font-size:32px;\"><i class=\"fas fa-link\"><\/i><\/div><\/div><div class=\"porto-sicon-header\"><h3 class=\"porto-sicon-title\" style=\"\">Gimnasio Curves<\/h3><p>Descuento en la cuota mensual<\/p><\/div> <!-- header --><\/div><!-- porto-sicon-box --><\/a>[\/vc_accordion_tab][vc_accordion_tab title=&#8221;Inform\u00e1tica&#8221;]<a aria-label=\"Transeconomy\" class=\"porto-sicon-box-link\" href=\"https:\/\/www.trados.com.ar\/\" target='_blank'><div class=\"porto-sicon-box  wpb_custom_1efe903570d178ff0a9b7bfa5febd3a4 style_1 default-icon\"><div class=\"porto-sicon-default\"><div class=\"porto-just-icon-wrapper porto-icon none\" style=\"font-size:32px;\"><i class=\"fas fa-link\"><\/i><\/div><\/div><div class=\"porto-sicon-header\"><h3 class=\"porto-sicon-title\" style=\"\">Transeconomy<\/h3><p>Descuento en software<\/p><\/div> <!-- header --><\/div><!-- porto-sicon-box --><\/a><a aria-label=\"Wordfast\" class=\"porto-sicon-box-link\" href=\"https:\/\/www.wordfast.com\/\" target='_blank'><div class=\"porto-sicon-box  wpb_custom_1efe903570d178ff0a9b7bfa5febd3a4 style_1 default-icon\"><div class=\"porto-sicon-default\"><div class=\"porto-just-icon-wrapper porto-icon none\" style=\"font-size:32px;\"><i class=\"fas fa-link\"><\/i><\/div><\/div><div class=\"porto-sicon-header\"><h3 class=\"porto-sicon-title\" style=\"\">Wordfast<\/h3><p>Descuento en software<\/p><\/div> <!-- header --><\/div><!-- porto-sicon-box --><\/a>[\/vc_accordion_tab][vc_accordion_tab title=&#8221;Capacitaci\u00f3n&#8221;]<a aria-label=\"Corporaci\u00f3n del Comercio, Industria y Servicios de Bah\u00eda Blanca\" class=\"porto-sicon-box-link\" href=\"https:\/\/ccis.com.ar\/capacitaciones\/\" target='_blank'><div class=\"porto-sicon-box  wpb_custom_1efe903570d178ff0a9b7bfa5febd3a4 style_1 default-icon\"><div class=\"porto-sicon-default\"><div class=\"porto-just-icon-wrapper porto-icon none\" style=\"font-size:32px;\"><i class=\"fas fa-link\"><\/i><\/div><\/div><div class=\"porto-sicon-header\"><h3 class=\"porto-sicon-title\" style=\"\">Corporaci\u00f3n del Comercio, Industria y Servicios de Bah\u00eda Blanca<\/h3><p>Descuento en los cursos de capacitaci\u00f3n<\/p><\/div> <!-- header --><\/div><!-- porto-sicon-box --><\/a>[\/vc_accordion_tab][\/vc_accordion][\/vc_column][\/vc_row][vc_row][vc_column css=&#8221;.vc_custom_1667856631737{margin-top: 40px !important;}&#8221;][vc_column_text]Para acceder a los distintos beneficios, se requiere tener la cuota anual al d\u00eda y exhibir la credencial correspondiente.\u00a0Por\u00a0cualquier\u00a0consulta, comunicarse con\u00a0<a href=\"mailto:info.bahiablanca@traductorespba.org\"><u>info.bahiablanca@traductorespba.org<\/u><\/a>[\/vc_column_text][\/vc_column][\/vc_row][vc_row][vc_column][vc_single_image image=&#8221;934&#8243; img_size=&#8221;full&#8221; alignment=&#8221;center&#8221;][\/vc_column][\/vc_row][vc_row][vc_column width=&#8221;1\/4&#8243;][vc_single_image image=&#8221;919&#8243; img_size=&#8221;large&#8221; alignment=&#8221;center&#8221;][\/vc_column][vc_column width=&#8221;1\/4&#8243;][vc_single_image image=&#8221;927&#8243; img_size=&#8221;large&#8221; alignment=&#8221;center&#8221;][\/vc_column][vc_column width=&#8221;1\/4&#8243;][vc_single_image image=&#8221;928&#8243; img_size=&#8221;large&#8221; alignment=&#8221;center&#8221;][\/vc_column][vc_column width=&#8221;1\/4&#8243;][vc_single_image image=&#8221;929&#8243; img_size=&#8221;large&#8221; alignment=&#8221;center&#8221;][\/vc_column][\/vc_row][vc_row][vc_column width=&#8221;1\/4&#8243;][vc_single_image image=&#8221;932&#8243; img_size=&#8221;large&#8221; alignment=&#8221;center&#8221;][\/vc_column][vc_column width=&#8221;1\/4&#8243;][\/vc_column][vc_column width=&#8221;1\/4&#8243;][\/vc_column][vc_column width=&#8221;1\/4&#8243;][\/vc_column][\/vc_row]<\/p>\n","protected":false},"excerpt":{"rendered":"<p>[vc_row][vc_column][vc_column_text]\u00bfQu\u00e9 beneficios tiene matricularse en el Colegio Regional Bah\u00eda Blanca? Adem\u00e1s de contar con acompa\u00f1amiento y asesoramiento en el plano laboral, posibilidad de legalizar en papel y de manera digital, biblioteca, etc. contamos con beneficios en las siguientes empresas.[\/vc_column_text][\/vc_column][\/vc_row][vc_row][vc_column][vc_accordion active_tab=&#8221;1&#8243; type=&#8221;panel-modern&#8221;][vc_accordion_tab title=&#8221;Bienestar y Salud&#8221;][\/vc_accordion_tab][vc_accordion_tab title=&#8221;Inform\u00e1tica&#8221;][\/vc_accordion_tab][vc_accordion_tab title=&#8221;Capacitaci\u00f3n&#8221;][\/vc_accordion_tab][\/vc_accordion][\/vc_column][\/vc_row][vc_row][vc_column css=&#8221;.vc_custom_1667856631737{margin-top: 40px !important;}&#8221;][vc_column_text]Para acceder a los distintos beneficios, se [&hellip;]<\/p>\n","protected":false},"author":1,"featured_media":0,"parent":0,"menu_order":0,"comment_status":"closed","ping_status":"closed","template":"","meta":{"footnotes":""},"class_list":["post-947","page","type-page","status-publish","hentry"],"yoast_head":"<!-- This site is optimized with the Yoast SEO plugin v27.3 - https:\/\/yoast.com\/product\/yoast-seo-wordpress\/ -->\n<title>Beneficios - COLEGIO DE TRADUCTORES P\u00daBLICOS DE LA PROVINCIA DE BUENOS AIRES \u2013 REGIONAL BAH\u00cdA BLANCA<\/title>\n<meta name=\"robots\" content=\"index, follow, max-snippet:-1, max-image-preview:large, max-video-preview:-1\" \/>\n<link rel=\"canonical\" href=\"https:\/\/www.traductorespba.org\/bahiablanca\/beneficios\/\" \/>\n<meta property=\"og:locale\" content=\"es_ES\" \/>\n<meta property=\"og:type\" content=\"article\" \/>\n<meta property=\"og:title\" content=\"Beneficios - COLEGIO DE TRADUCTORES P\u00daBLICOS DE LA PROVINCIA DE BUENOS AIRES \u2013 REGIONAL BAH\u00cdA BLANCA\" \/>\n<meta property=\"og:description\" content=\"[vc_row][vc_column][vc_column_text]\u00bfQu\u00e9 beneficios tiene matricularse en el Colegio Regional Bah\u00eda Blanca? Adem\u00e1s de contar con acompa\u00f1amiento y asesoramiento en el plano laboral, posibilidad de legalizar en papel y de manera digital, biblioteca, etc. contamos con beneficios en las siguientes empresas.[\/vc_column_text][\/vc_column][\/vc_row][vc_row][vc_column][vc_accordion active_tab=&#8221;1&#8243; type=&#8221;panel-modern&#8221;][vc_accordion_tab title=&#8221;Bienestar y Salud&#8221;][\/vc_accordion_tab][vc_accordion_tab title=&#8221;Inform\u00e1tica&#8221;][\/vc_accordion_tab][vc_accordion_tab title=&#8221;Capacitaci\u00f3n&#8221;][\/vc_accordion_tab][\/vc_accordion][\/vc_column][\/vc_row][vc_row][vc_column css=&#8221;.vc_custom_1667856631737{margin-top: 40px !important;}&#8221;][vc_column_text]Para acceder a los distintos beneficios, se [&hellip;]\" \/>\n<meta property=\"og:url\" content=\"https:\/\/www.traductorespba.org\/bahiablanca\/beneficios\/\" \/>\n<meta property=\"og:site_name\" content=\"COLEGIO DE TRADUCTORES P\u00daBLICOS DE LA PROVINCIA DE BUENOS AIRES \u2013 REGIONAL BAH\u00cdA BLANCA\" \/>\n<meta property=\"article:modified_time\" content=\"2022-11-07T21:42:20+00:00\" \/>\n<meta name=\"twitter:card\" content=\"summary_large_image\" \/>\n<meta name=\"twitter:label1\" content=\"Tiempo de lectura\" \/>\n\t<meta name=\"twitter:data1\" content=\"1 minuto\" \/>\n<script type=\"application\/ld+json\" class=\"yoast-schema-graph\">{\"@context\":\"https:\\\/\\\/schema.org\",\"@graph\":[{\"@type\":\"WebPage\",\"@id\":\"https:\\\/\\\/www.traductorespba.org\\\/bahiablanca\\\/beneficios\\\/\",\"url\":\"https:\\\/\\\/www.traductorespba.org\\\/bahiablanca\\\/beneficios\\\/\",\"name\":\"Beneficios - COLEGIO DE TRADUCTORES P\u00daBLICOS DE LA PROVINCIA DE BUENOS AIRES \u2013 REGIONAL BAH\u00cdA BLANCA\",\"isPartOf\":{\"@id\":\"https:\\\/\\\/www.traductorespba.org\\\/bahiablanca\\\/#website\"},\"datePublished\":\"2022-11-07T21:24:42+00:00\",\"dateModified\":\"2022-11-07T21:42:20+00:00\",\"breadcrumb\":{\"@id\":\"https:\\\/\\\/www.traductorespba.org\\\/bahiablanca\\\/beneficios\\\/#breadcrumb\"},\"inLanguage\":\"es-AR\",\"potentialAction\":[{\"@type\":\"ReadAction\",\"target\":[\"https:\\\/\\\/www.traductorespba.org\\\/bahiablanca\\\/beneficios\\\/\"]}]},{\"@type\":\"BreadcrumbList\",\"@id\":\"https:\\\/\\\/www.traductorespba.org\\\/bahiablanca\\\/beneficios\\\/#breadcrumb\",\"itemListElement\":[{\"@type\":\"ListItem\",\"position\":1,\"name\":\"Inicio\",\"item\":\"https:\\\/\\\/www.traductorespba.org\\\/bahiablanca\\\/\"},{\"@type\":\"ListItem\",\"position\":2,\"name\":\"Beneficios\"}]},{\"@type\":\"WebSite\",\"@id\":\"https:\\\/\\\/www.traductorespba.org\\\/bahiablanca\\\/#website\",\"url\":\"https:\\\/\\\/www.traductorespba.org\\\/bahiablanca\\\/\",\"name\":\"COLEGIO DE TRADUCTORES P\u00daBLICOS DE LA PROVINCIA DE BUENOS AIRES \u2013 REGIONAL BAH\u00cdA BLANCA\",\"description\":\"\",\"potentialAction\":[{\"@type\":\"SearchAction\",\"target\":{\"@type\":\"EntryPoint\",\"urlTemplate\":\"https:\\\/\\\/www.traductorespba.org\\\/bahiablanca\\\/?s={search_term_string}\"},\"query-input\":{\"@type\":\"PropertyValueSpecification\",\"valueRequired\":true,\"valueName\":\"search_term_string\"}}],\"inLanguage\":\"es-AR\"}]}<\/script>\n<!-- \/ Yoast SEO plugin. -->","yoast_head_json":{"title":"Beneficios - COLEGIO DE TRADUCTORES P\u00daBLICOS DE LA PROVINCIA DE BUENOS AIRES \u2013 REGIONAL BAH\u00cdA BLANCA","robots":{"index":"index","follow":"follow","max-snippet":"max-snippet:-1","max-image-preview":"max-image-preview:large","max-video-preview":"max-video-preview:-1"},"canonical":"https:\/\/www.traductorespba.org\/bahiablanca\/beneficios\/","og_locale":"es_ES","og_type":"article","og_title":"Beneficios - COLEGIO DE TRADUCTORES P\u00daBLICOS DE LA PROVINCIA DE BUENOS AIRES \u2013 REGIONAL BAH\u00cdA BLANCA","og_description":"[vc_row][vc_column][vc_column_text]\u00bfQu\u00e9 beneficios tiene matricularse en el Colegio Regional Bah\u00eda Blanca? Adem\u00e1s de contar con acompa\u00f1amiento y asesoramiento en el plano laboral, posibilidad de legalizar en papel y de manera digital, biblioteca, etc. contamos con beneficios en las siguientes empresas.[\/vc_column_text][\/vc_column][\/vc_row][vc_row][vc_column][vc_accordion active_tab=&#8221;1&#8243; type=&#8221;panel-modern&#8221;][vc_accordion_tab title=&#8221;Bienestar y Salud&#8221;][\/vc_accordion_tab][vc_accordion_tab title=&#8221;Inform\u00e1tica&#8221;][\/vc_accordion_tab][vc_accordion_tab title=&#8221;Capacitaci\u00f3n&#8221;][\/vc_accordion_tab][\/vc_accordion][\/vc_column][\/vc_row][vc_row][vc_column css=&#8221;.vc_custom_1667856631737{margin-top: 40px !important;}&#8221;][vc_column_text]Para acceder a los distintos beneficios, se [&hellip;]","og_url":"https:\/\/www.traductorespba.org\/bahiablanca\/beneficios\/","og_site_name":"COLEGIO DE TRADUCTORES P\u00daBLICOS DE LA PROVINCIA DE BUENOS AIRES \u2013 REGIONAL BAH\u00cdA BLANCA","article_modified_time":"2022-11-07T21:42:20+00:00","twitter_card":"summary_large_image","twitter_misc":{"Tiempo de lectura":"1 minuto"},"schema":{"@context":"https:\/\/schema.org","@graph":[{"@type":"WebPage","@id":"https:\/\/www.traductorespba.org\/bahiablanca\/beneficios\/","url":"https:\/\/www.traductorespba.org\/bahiablanca\/beneficios\/","name":"Beneficios - COLEGIO DE TRADUCTORES P\u00daBLICOS DE LA PROVINCIA DE BUENOS AIRES \u2013 REGIONAL BAH\u00cdA BLANCA","isPartOf":{"@id":"https:\/\/www.traductorespba.org\/bahiablanca\/#website"},"datePublished":"2022-11-07T21:24:42+00:00","dateModified":"2022-11-07T21:42:20+00:00","breadcrumb":{"@id":"https:\/\/www.traductorespba.org\/bahiablanca\/beneficios\/#breadcrumb"},"inLanguage":"es-AR","potentialAction":[{"@type":"ReadAction","target":["https:\/\/www.traductorespba.org\/bahiablanca\/beneficios\/"]}]},{"@type":"BreadcrumbList","@id":"https:\/\/www.traductorespba.org\/bahiablanca\/beneficios\/#breadcrumb","itemListElement":[{"@type":"ListItem","position":1,"name":"Inicio","item":"https:\/\/www.traductorespba.org\/bahiablanca\/"},{"@type":"ListItem","position":2,"name":"Beneficios"}]},{"@type":"WebSite","@id":"https:\/\/www.traductorespba.org\/bahiablanca\/#website","url":"https:\/\/www.traductorespba.org\/bahiablanca\/","name":"COLEGIO DE TRADUCTORES P\u00daBLICOS DE LA PROVINCIA DE BUENOS AIRES \u2013 REGIONAL BAH\u00cdA BLANCA","description":"","potentialAction":[{"@type":"SearchAction","target":{"@type":"EntryPoint","urlTemplate":"https:\/\/www.traductorespba.org\/bahiablanca\/?s={search_term_string}"},"query-input":{"@type":"PropertyValueSpecification","valueRequired":true,"valueName":"search_term_string"}}],"inLanguage":"es-AR"}]}},"_links":{"self":[{"href":"https:\/\/www.traductorespba.org\/bahiablanca\/wp-json\/wp\/v2\/pages\/947","targetHints":{"allow":["GET"]}}],"collection":[{"href":"https:\/\/www.traductorespba.org\/bahiablanca\/wp-json\/wp\/v2\/pages"}],"about":[{"href":"https:\/\/www.traductorespba.org\/bahiablanca\/wp-json\/wp\/v2\/types\/page"}],"author":[{"embeddable":true,"href":"https:\/\/www.traductorespba.org\/bahiablanca\/wp-json\/wp\/v2\/users\/1"}],"replies":[{"embeddable":true,"href":"https:\/\/www.traductorespba.org\/bahiablanca\/wp-json\/wp\/v2\/comments?post=947"}],"version-history":[{"count":12,"href":"https:\/\/www.traductorespba.org\/bahiablanca\/wp-json\/wp\/v2\/pages\/947\/revisions"}],"predecessor-version":[{"id":959,"href":"https:\/\/www.traductorespba.org\/bahiablanca\/wp-json\/wp\/v2\/pages\/947\/revisions\/959"}],"wp:attachment":[{"href":"https:\/\/www.traductorespba.org\/bahiablanca\/wp-json\/wp\/v2\/media?parent=947"}],"curies":[{"name":"wp","href":"https:\/\/api.w.org\/{rel}","templated":true}]}}